{"id":237,"date":"2024-07-24T13:17:01","date_gmt":"2024-07-24T13:17:01","guid":{"rendered":"https:\/\/dobrytrener.com\/?page_id=237"},"modified":"2025-12-31T11:08:02","modified_gmt":"2025-12-31T11:08:02","slug":"pakiet-progress","status":"publish","type":"page","link":"https:\/\/dobrytrener.com\/en\/oferta\/treningi-personalne-wroclaw\/pakiet-progress\/","title":{"rendered":"Progress Package"},"content":{"rendered":"<section class=\"bde-section-237-111 bde-section\">\n              \n  \n  \n\t\n\n  <div class=\"section-background-overlay\"><\/div>\n\n\n<div class=\"section-container\"><h1 class=\"bde-heading-237-112 bde-heading\">\nPakiet PROGRES \n<\/h1><h3 class=\"bde-heading-237-126 bde-heading\">\n8 trening\u00f3w personalnych we wroc\u0142awiu\n<\/h3><\/div>\n<\/section><section class=\"bde-section-237-127 bde-section\">\n  \n  \n\t\n\n\n\n<div class=\"section-container\"><div class=\"bde-columns-237-128 bde-columns\"><div class=\"bde-column-237-129 bde-column\">\n  \n  \n\t\n\n\n\n<div class=\"bde-rich-text-237-114 bde-rich-text breakdance-rich-text-styles\">\n<p>Pakiet PROGRES jest przeznaczony dla os\u00f3b, kt\u00f3re maj\u0105 czas tylko na 2 <a href=\"https:\/\/dobrytrener.com\/oferta-trener-personalny-wroclaw\/treningi-personalne-wroclaw\/\">treningi personalne we Wroc\u0142awiu <\/a>w tygodniu i chc\u0105 osi\u0105gn\u0105\u0107 konkretne rezultaty. Koncentrujemy si\u0119 na doskonaleniu techniki i zwi\u0119kszaniu intensywno\u015bci trening\u00f3w. Ten pakiet pozwoli Ci na znaczny rozw\u00f3j si\u0142y, wytrzyma\u0142o\u015bci, popraw\u0119 sylwetki oraz og\u00f3lnej sprawno\u015bci. Otrzymasz indywidualny plan treningowy z regularnymi zmianami, co zapewni Ci sta\u0142y progres. Dodatkowo, oferuj\u0119 wsparcie \u017cywieniowe \u2014 pomog\u0119 Ci w doborze kaloryczno\u015bci i makrosk\u0142adnik\u00f3w, kt\u00f3re s\u0105 niezb\u0119dne dla osi\u0105gni\u0119cia Twojego celu. Zapewniam <a href=\"https:\/\/dobrytrener.com\/kontakt-trener-personalny-wroclaw\/\">kontakt<\/a>, motywacj\u0119 i wsparcie mentalne, a tak\u017ce regularne raporty, kt\u00f3re pomog\u0105 nam monitorowa\u0107 post\u0119py.<\/p>\n<p>\u00a0<\/p>\n<\/div><div class=\"bde-rich-text-237-101 bde-rich-text breakdance-rich-text-styles\">\n<h3><span style=\"color: #000000;\">Ta forma wsp\u00f3\u0142pracy obejmuje:<\/span><\/h3><ul><li style=\"font-weight: 400;\" aria-level=\"1\"><span style=\"font-weight: 400;\">Wst\u0119pn\u0105 konsultacj\u0119 w celu okre\u015blenia celu i stanu zdrowia<\/span><\/li><li style=\"font-weight: 400;\" aria-level=\"1\"><span style=\"font-weight: 400;\">2 treningi w tygodniu<\/span><\/li><li style=\"font-weight: 400;\" aria-level=\"1\"><span style=\"font-weight: 400;\">Indywidualny plan treningowy z regularnymi zmianami\u00a0<\/span><\/li><li style=\"font-weight: 400;\" aria-level=\"1\"><span style=\"font-weight: 400;\">Wsparcie dietetyczne \u2013 dopasowanie kaloryczno\u015bci i makrosk\u0142adnik\u00f3w pod indywidualny cel<\/span><\/li><li style=\"font-weight: 400;\" aria-level=\"1\"><span style=\"font-weight: 400;\">Kontakt, motywacja i wsparcie mentalne trenera<\/span><\/li><li style=\"font-weight: 400;\" aria-level=\"1\"><span style=\"font-weight: 400;\">Pomoc w dobraniu suplement\u00f3w<\/span><\/li><li style=\"font-weight: 400;\" aria-level=\"1\"><span style=\"font-weight: 400;\">Raporty 1x w tygodniu<\/span><\/li><li style=\"font-weight: 400;\" aria-level=\"1\"><span style=\"font-weight: 400;\">Analiza: monitorowanie post\u0119p\u00f3w na podstawie przekazanych raport\u00f3w<\/span><\/li><\/ul>\n<\/div><div class=\"bde-button-237-116 bde-button\">\n    \n                        \n                        \n    \n    \n    \n    \n            \n                    \n            \n            \n\n    \n    \n    \n    \n    \n    <a class=\"breakdance-link button-atom button-atom--secondary bde-button__button\" href=\"#\" target=\"_self\" data-type=\"url\"  >\n\n    \n        <span class=\"button-atom__text\">Koszt 1200 z\u0142\/msc<\/span>\n\n                            \n        \n                <\/a>\n\n    \n\n\n<\/div>\n<\/div><div class=\"bde-column-237-133 bde-column\">\n  \n  \n\t\n\n\n\n<div class=\"bde-image-237-134 bde-image\">\n<figure class=\"breakdance-image breakdance-image--855\">\n\t<div class=\"breakdance-image-container\">\n\t\t<div class=\"breakdance-image-clip\"><img decoding=\"async\" class=\"breakdance-image-object\" src=\"https:\/\/dobrytrener.com\/wp-content\/uploads\/2025\/08\/IMG_2486-scaled.jpeg\" width=\"1920\" height=\"2560\" srcset=\"https:\/\/dobrytrener.com\/wp-content\/uploads\/2025\/08\/IMG_2486-scaled.jpeg 1920w, https:\/\/dobrytrener.com\/wp-content\/uploads\/2025\/08\/IMG_2486-225x300.jpeg 225w, https:\/\/dobrytrener.com\/wp-content\/uploads\/2025\/08\/IMG_2486-768x1024.jpeg 768w, https:\/\/dobrytrener.com\/wp-content\/uploads\/2025\/08\/IMG_2486-1152x1536.jpeg 1152w, https:\/\/dobrytrener.com\/wp-content\/uploads\/2025\/08\/IMG_2486-1536x2048.jpeg 1536w, https:\/\/dobrytrener.com\/wp-content\/uploads\/2025\/08\/IMG_2486-9x12.jpeg 9w\" sizes=\"auto, (max-width: 1920px) 100vw, 1920px\" loading=\"lazy\"><\/div>\n\t<\/div><\/figure>\n\n<\/div>\n<\/div><\/div><\/div>\n<\/section><section class=\"bde-section-237-117 bde-section\">\n              \n  \n  \n\t\n\n  <div class=\"section-background-overlay\"><\/div>\n\n\n<div class=\"section-container\"><div class=\"bde-columns-237-118 bde-columns\"><div class=\"bde-column-237-119 bde-column\">\n  \n  \n\t\n\n\n\n<h2 class=\"bde-heading-237-120 bde-heading\">\nBezp\u0142atna konsultacja<br>\n<\/h2><div class=\"bde-fancy-divider-237-121 bde-fancy-divider\">\n\n\n<div class=\"bde-fancy-divider__wrapper\">\n  <div class=\"bde-fancy-divider__separator has-content has-content-flex-start \">\n  \t    \t    \t    \t\t\t    \t\t<div class=\"bde-fancy-divider__content bde-fancy-divider__content--icon\"><svg xmlns=\"http:\/\/www.w3.org\/2000\/svg\" viewBox=\"0 0 512 512\"><!-- Font Awesome Free 5.15.1 by @fontawesome - https:\/\/fontawesome.com License - https:\/\/fontawesome.com\/license\/free (Icons: CC BY 4.0, Fonts: SIL OFL 1.1, Code: MIT License) --><path d=\"M256 8C119.033 8 8 119.033 8 256s111.033 248 248 248 248-111.033 248-248S392.967 8 256 8zm80 248c0 44.112-35.888 80-80 80s-80-35.888-80-80 35.888-80 80-80 80 35.888 80 80z\"\/><\/svg><\/div>\n    \t                  <\/div>\n<\/div>\n\n<\/div><div class=\"bde-rich-text-237-122 bde-rich-text breakdance-rich-text-styles\">\n<p>Chcesz rozpocz\u0105\u0107 treningi personalne we Wroc\u0142awiu lub masz pytania o ofert\u0119?<\/p>\n<p>Wype\u0142nij formularz lub zadzwo\u0144 \u2013 pomog\u0119 Ci dobra\u0107 najlepsze rozwi\u0105zanie i zacz\u0105\u0107 prac\u0119 nad sylwetk\u0105.<\/p>\n<\/div><div class=\"bde-rich-text-237-123 bde-rich-text breakdance-rich-text-styles\">\n<p><span style=\"font-weight: 400;\">*** Nie podejmuj\u0119 wsp\u00f3\u0142pracy:<\/span><\/p>\n<ul>\n<li style=\"font-weight: 400;\" aria-level=\"1\"><span style=\"font-weight: 400;\">Z kobietami w ci\u0105\u017cy\u00a0<\/span><\/li>\n<li style=\"font-weight: 400;\" aria-level=\"1\"><span style=\"font-weight: 400;\">Z osobami, kt\u00f3re nie mog\u0105 wykonywa\u0107 \u0107wicze\u0144 si\u0142owych<\/span><\/li>\n<li style=\"font-weight: 400;\" aria-level=\"1\"><span style=\"font-weight: 400;\">Z osobami z chorobami serca (niewydolno\u015b\u0107 serca, arytmia, przebyte zawa\u0142y serca)<\/span><\/li>\n<li style=\"font-weight: 400;\" aria-level=\"1\"><span style=\"font-weight: 400;\">Z osobami choruj\u0105cymi na padaczk\u0119<\/span><\/li>\n<\/ul>\n<\/div>\n<\/div><div class=\"bde-column-237-124 bde-column\">\n  \n  \n\t\n\n\n\n<div class=\"bde-form-builder-237-125 bde-form-builder\">\n\n<form id=\"contact-form125\" class=\"breakdance-form breakdance-form--vertical\" data-options=\"{&quot;slug&quot;:&quot;custom&quot;,&quot;name&quot;:&quot;Contact Form&quot;,&quot;ajaxUrl&quot;:&quot;https:\\\/\\\/dobrytrener.com\\\/wp-admin\\\/admin-ajax.php&quot;,&quot;clearOnSuccess&quot;:true,&quot;hideOnSuccess&quot;:false,&quot;successMessage&quot;:&quot;Twoja wiadomo\\u015b\\u0107 zosta\\u0142a wys\\u0142ana &quot;,&quot;errorMessage&quot;:&quot;Something went wrong&quot;,&quot;redirect&quot;:false,&quot;redirectUrl&quot;:&quot;&quot;,&quot;customJavaScript&quot;:&quot;&quot;,&quot;recaptcha&quot;:{&quot;key&quot;:&quot;&quot;,&quot;enabled&quot;:false},&quot;honeypot_enabled&quot;:false,&quot;popupsOnSuccess&quot;:[],&quot;popupsOnError&quot;:[]}\" data-steps=\"0\" >\n  \n  \n  \n<div class=\"breakdance-form-field breakdance-form-field--text\" >\n    \n    \n    \n    <input\n    class=\"breakdance-form-field__input\"\n    id=\"name\"\n    aria-describedby=\"name\"\n    type=\"text\"\n    name=\"fields[name]\"\n    placeholder=\"Twoj\u0119 imie\"\n    value=\"\"\n                \n        \n        \n    required\n    \n    \n    \n>\n\n\n    \n    \n<\/div>\n\n\n<div class=\"breakdance-form-field breakdance-form-field--email\" >\n    \n    \n    \n    <input\n    class=\"breakdance-form-field__input\"\n    id=\"email\"\n    aria-describedby=\"email\"\n    type=\"email\"\n    name=\"fields[email]\"\n    placeholder=\"E-mail\"\n    value=\"\"\n                \n        \n        \n    required\n    \n    \n    \n>\n\n\n    \n    \n<\/div>\n\n\n<div class=\"breakdance-form-field breakdance-form-field--tel\" >\n    \n    \n    \n    <input\n    class=\"breakdance-form-field__input\"\n    id=\"telefon\"\n    aria-describedby=\"telefon\"\n    type=\"tel\"\n    name=\"fields[telefon]\"\n    placeholder=\"Numer telefonu\"\n    value=\"\"\n                \n        \n        \n    required\n    \n    \n    \n>\n\n\n    \n    \n<\/div>\n\n\n<div class=\"breakdance-form-field breakdance-form-field--select\" >\n    \n    \n    \n    <select\n    class=\"breakdance-form-field__input\"\n    id=\"Temat \"\n    name=\"fields[Temat ]\"\n    \n    \n        >\n      <option value=\"\">Wybierz temat wiadomo\u015bci <\/option>\n          <option value=\"pakiet START\" >pakiet START<\/option>\n        <option value=\"pakiet PROGRESS\" >pakiet PROGRESS<\/option>\n        <option value=\"pakiet TRANSFORMACJA\" >pakiet TRANSFORMACJA<\/option>\n        <option value=\"pakiet KOMPLEKSOWA PRZEMIANA\" >pakiet KOMPLEKSOWA PRZEMIANA<\/option>\n        <option value=\"pakiet FIT DUO\" >pakiet FIT DUO<\/option>\n        <option value=\"wsp\u00f3\u0142praca online\" >wsp\u00f3\u0142praca online<\/option>\n        <option value=\"plan treningowy\" >plan treningowy<\/option>\n  <\/select>\n\n\n    \n    \n<\/div>\n\n\n<div class=\"breakdance-form-field breakdance-form-field--textarea\" >\n    \n    \n    \n    <textarea\n    class=\"breakdance-form-field__input\"\n    id=\"wiadomo\u015b\u0107\"\n    aria-describedby=\"wiadomo\u015b\u0107\"\n    type=\"textarea\"\n    name=\"fields[wiadomo\u015b\u0107]\"\n        placeholder=\"Twoja wiadomo\u015b\u0107\"\n    \n    >\n<\/textarea>\n\n\n    \n    \n<\/div>\n\n\n  \n\n<div class=\"breakdance-form-field breakdance-form-footer\">\n    \n    \n                                    \n    \n    \n    \n    \n            \n            <button type=\"submit\" class=\"button-atom button-atom--primary breakdance-form-button breakdance-form-button__submit\"  >\n    \n        <span class=\"button-atom__text\">Wy\u015blij<\/span>\n\n        \n        \n            <\/button>\n    \n    <input type=\"hidden\" name=\"form_id\" value=\"125\">\n    <input type=\"hidden\" name=\"post_id\" value=\"237\">\n<\/div>\n\n  \n<\/form>\n\n\n<\/div>\n<\/div><\/div><\/div>\n<\/section><section class=\"bde-section-237-135 bde-section\">\n  \n  \n\t\n\n\n\n<div class=\"section-container\"><h2 class=\"bde-heading-237-136 bde-heading\">\nNajcz\u0119\u015bciej zadawane pytania\n<\/h2><div class=\"bde-frequently-asked-questions-237-137 bde-frequently-asked-questions\">\n      <div class=\"bde-faq__item\">\n      <h3 class=\"bde-faq__title-tag\">\n       <button id=\"bde-faq-137-button-1\" aria-expanded=\"false\" aria-controls=\"bde-faq-137-1\" class=\"bde-faq__question js-faq-item\">\n          <span class=\"bde-faq__title\">Ile trwa trening?<\/span>\n                           <div aria-hidden=\"true\" class=\"bde-faq__icon bde-faq__icon--inactive\">\n                                <svg xmlns=\"http:\/\/www.w3.org\/2000\/svg\" width=\"24\" height=\"24\" fill-rule=\"evenodd\" clip-rule=\"evenodd\"><path d=\"M12 0c6.623 0 12 5.377 12 12s-5.377 12-12 12-12-5.377-12-12 5.377-12 12-12zm0 1c6.071 0 11 4.929 11 11s-4.929 11-11 11-11-4.929-11-11 4.929-11 11-11zm5.247 8l-5.247 6.44-5.263-6.44-.737.678 6 7.322 6-7.335-.753-.665z\"\/><\/svg>\n                            <\/div>\n         \t  <div aria-hidden=\"true\" class=\"bde-faq__icon bde-faq__icon--active\">\n                                <svg xmlns=\"http:\/\/www.w3.org\/2000\/svg\" width=\"24\" height=\"24\" fill-rule=\"evenodd\" clip-rule=\"evenodd\"><path d=\"M12 0c6.623 0 12 5.377 12 12s-5.377 12-12 12-12-5.377-12-12 5.377-12 12-12zm0 1c6.071 0 11 4.929 11 11s-4.929 11-11 11-11-4.929-11-11 4.929-11 11-11zm5.247 15l-5.247-6.44-5.263 6.44-.737-.678 6-7.322 6 7.335-.753.665z\"\/><\/svg>\n                            <\/div>\n                  <\/button>\n      <\/h3>\n      <div role=\"region\" aria-labelledby=\"bde-faq-137-button-1\" id=\"bde-faq-137-1\" class=\"bde-faq__answer\">\n        <div class=\"bde-faq__answer-content\">\n            <div class=\"breakdance-rich-text-styles\"><p><span style=\"font-weight: 400;\">Trening trwa 60 minut<\/span><\/p><\/div>\n\n                    <\/div>\n      <\/div>\n    <\/div>\n      <div class=\"bde-faq__item\">\n      <h3 class=\"bde-faq__title-tag\">\n       <button id=\"bde-faq-137-button-2\" aria-expanded=\"false\" aria-controls=\"bde-faq-137-2\" class=\"bde-faq__question js-faq-item\">\n          <span class=\"bde-faq__title\">W jakim czasie nale\u017cy wykorzysta\u0107 zakupiony pakiet trening\u00f3w?<\/span>\n                           <div aria-hidden=\"true\" class=\"bde-faq__icon bde-faq__icon--inactive\">\n                                <svg xmlns=\"http:\/\/www.w3.org\/2000\/svg\" width=\"24\" height=\"24\" fill-rule=\"evenodd\" clip-rule=\"evenodd\"><path d=\"M12 0c6.623 0 12 5.377 12 12s-5.377 12-12 12-12-5.377-12-12 5.377-12 12-12zm0 1c6.071 0 11 4.929 11 11s-4.929 11-11 11-11-4.929-11-11 4.929-11 11-11zm5.247 8l-5.247 6.44-5.263-6.44-.737.678 6 7.322 6-7.335-.753-.665z\"\/><\/svg>\n                            <\/div>\n         \t  <div aria-hidden=\"true\" class=\"bde-faq__icon bde-faq__icon--active\">\n                                <svg xmlns=\"http:\/\/www.w3.org\/2000\/svg\" width=\"24\" height=\"24\" fill-rule=\"evenodd\" clip-rule=\"evenodd\"><path d=\"M12 0c6.623 0 12 5.377 12 12s-5.377 12-12 12-12-5.377-12-12 5.377-12 12-12zm0 1c6.071 0 11 4.929 11 11s-4.929 11-11 11-11-4.929-11-11 4.929-11 11-11zm5.247 15l-5.247-6.44-5.263 6.44-.737-.678 6-7.322 6 7.335-.753.665z\"\/><\/svg>\n                            <\/div>\n                  <\/button>\n      <\/h3>\n      <div role=\"region\" aria-labelledby=\"bde-faq-137-button-2\" id=\"bde-faq-137-2\" class=\"bde-faq__answer\">\n        <div class=\"bde-faq__answer-content\">\n            <div class=\"breakdance-rich-text-styles\"><p><span style=\"font-weight: 400;\">Pakiet START, PROGRES, TRANSFORMACJA, KOMPLEKSOWA PRZEMIANA nale\u017cy wykorzysta\u0107 w ci\u0105gu 1 miesi\u0105ca.<\/span><\/p>\n<p><span style=\"font-weight: 400;\">Niewykorzystane treningi przepadaj\u0105, nie ma mo\u017cliwo\u015bci zwrotu pieni\u0119dzy.<\/span><\/p><\/div>\n\n                    <\/div>\n      <\/div>\n    <\/div>\n      <div class=\"bde-faq__item\">\n      <h3 class=\"bde-faq__title-tag\">\n       <button id=\"bde-faq-137-button-3\" aria-expanded=\"false\" aria-controls=\"bde-faq-137-3\" class=\"bde-faq__question js-faq-item\">\n          <span class=\"bde-faq__title\">Czy trening mo\u017cna odwo\u0142ywa\u0107\/przek\u0142ada\u0107?<\/span>\n                           <div aria-hidden=\"true\" class=\"bde-faq__icon bde-faq__icon--inactive\">\n                                <svg xmlns=\"http:\/\/www.w3.org\/2000\/svg\" width=\"24\" height=\"24\" fill-rule=\"evenodd\" clip-rule=\"evenodd\"><path d=\"M12 0c6.623 0 12 5.377 12 12s-5.377 12-12 12-12-5.377-12-12 5.377-12 12-12zm0 1c6.071 0 11 4.929 11 11s-4.929 11-11 11-11-4.929-11-11 4.929-11 11-11zm5.247 8l-5.247 6.44-5.263-6.44-.737.678 6 7.322 6-7.335-.753-.665z\"\/><\/svg>\n                            <\/div>\n         \t  <div aria-hidden=\"true\" class=\"bde-faq__icon bde-faq__icon--active\">\n                                <svg xmlns=\"http:\/\/www.w3.org\/2000\/svg\" width=\"24\" height=\"24\" fill-rule=\"evenodd\" clip-rule=\"evenodd\"><path d=\"M12 0c6.623 0 12 5.377 12 12s-5.377 12-12 12-12-5.377-12-12 5.377-12 12-12zm0 1c6.071 0 11 4.929 11 11s-4.929 11-11 11-11-4.929-11-11 4.929-11 11-11zm5.247 15l-5.247-6.44-5.263 6.44-.737-.678 6-7.322 6 7.335-.753.665z\"\/><\/svg>\n                            <\/div>\n                  <\/button>\n      <\/h3>\n      <div role=\"region\" aria-labelledby=\"bde-faq-137-button-3\" id=\"bde-faq-137-3\" class=\"bde-faq__answer\">\n        <div class=\"bde-faq__answer-content\">\n            <div class=\"breakdance-rich-text-styles\"><p><span style=\"font-weight: 400;\">Tylko trening odwo\u0142any minimalnie 24h przed ustalon\u0105 data mo\u017cna odwo\u0142a\u0107 lub prze\u0142o\u017cy\u0107. W innym przypadku, trening niestety przepada.<\/span><\/p><\/div>\n\n                    <\/div>\n      <\/div>\n    <\/div>\n      <div class=\"bde-faq__item\">\n      <h3 class=\"bde-faq__title-tag\">\n       <button id=\"bde-faq-137-button-4\" aria-expanded=\"false\" aria-controls=\"bde-faq-137-4\" class=\"bde-faq__question js-faq-item\">\n          <span class=\"bde-faq__title\">Czy potrzebny jest dodatkowo karnet na si\u0142owni\u0119?<\/span>\n                           <div aria-hidden=\"true\" class=\"bde-faq__icon bde-faq__icon--inactive\">\n                                <svg xmlns=\"http:\/\/www.w3.org\/2000\/svg\" width=\"24\" height=\"24\" fill-rule=\"evenodd\" clip-rule=\"evenodd\"><path d=\"M12 0c6.623 0 12 5.377 12 12s-5.377 12-12 12-12-5.377-12-12 5.377-12 12-12zm0 1c6.071 0 11 4.929 11 11s-4.929 11-11 11-11-4.929-11-11 4.929-11 11-11zm5.247 8l-5.247 6.44-5.263-6.44-.737.678 6 7.322 6-7.335-.753-.665z\"\/><\/svg>\n                            <\/div>\n         \t  <div aria-hidden=\"true\" class=\"bde-faq__icon bde-faq__icon--active\">\n                                <svg xmlns=\"http:\/\/www.w3.org\/2000\/svg\" width=\"24\" height=\"24\" fill-rule=\"evenodd\" clip-rule=\"evenodd\"><path d=\"M12 0c6.623 0 12 5.377 12 12s-5.377 12-12 12-12-5.377-12-12 5.377-12 12-12zm0 1c6.071 0 11 4.929 11 11s-4.929 11-11 11-11-4.929-11-11 4.929-11 11-11zm5.247 15l-5.247-6.44-5.263 6.44-.737-.678 6-7.322 6 7.335-.753.665z\"\/><\/svg>\n                            <\/div>\n                  <\/button>\n      <\/h3>\n      <div role=\"region\" aria-labelledby=\"bde-faq-137-button-4\" id=\"bde-faq-137-4\" class=\"bde-faq__answer\">\n        <div class=\"bde-faq__answer-content\">\n            <div class=\"breakdance-rich-text-styles\"><p><span style=\"font-weight: 400;\">Osoby posiadaj\u0105ce kart\u0119 Multisport\/My Life\/Be Active nie s\u0105 zobowi\u0105zane do zakupu karnetu na si\u0142owni\u0119. W innym przypadku trzeba wykupi\u0107 karnet na si\u0142owni\u0119.<\/span><\/p><\/div>\n\n                    <\/div>\n      <\/div>\n    <\/div>\n      <div class=\"bde-faq__item\">\n      <h3 class=\"bde-faq__title-tag\">\n       <button id=\"bde-faq-137-button-5\" aria-expanded=\"false\" aria-controls=\"bde-faq-137-5\" class=\"bde-faq__question js-faq-item\">\n          <span class=\"bde-faq__title\">Czy treningi personalne odbywaj\u0105 si\u0119 tylko w jednej lokalizacji?<\/span>\n                           <div aria-hidden=\"true\" class=\"bde-faq__icon bde-faq__icon--inactive\">\n                                <svg xmlns=\"http:\/\/www.w3.org\/2000\/svg\" width=\"24\" height=\"24\" fill-rule=\"evenodd\" clip-rule=\"evenodd\"><path d=\"M12 0c6.623 0 12 5.377 12 12s-5.377 12-12 12-12-5.377-12-12 5.377-12 12-12zm0 1c6.071 0 11 4.929 11 11s-4.929 11-11 11-11-4.929-11-11 4.929-11 11-11zm5.247 8l-5.247 6.44-5.263-6.44-.737.678 6 7.322 6-7.335-.753-.665z\"\/><\/svg>\n                            <\/div>\n         \t  <div aria-hidden=\"true\" class=\"bde-faq__icon bde-faq__icon--active\">\n                                <svg xmlns=\"http:\/\/www.w3.org\/2000\/svg\" width=\"24\" height=\"24\" fill-rule=\"evenodd\" clip-rule=\"evenodd\"><path d=\"M12 0c6.623 0 12 5.377 12 12s-5.377 12-12 12-12-5.377-12-12 5.377-12 12-12zm0 1c6.071 0 11 4.929 11 11s-4.929 11-11 11-11-4.929-11-11 4.929-11 11-11zm5.247 15l-5.247-6.44-5.263 6.44-.737-.678 6-7.322 6 7.335-.753.665z\"\/><\/svg>\n                            <\/div>\n                  <\/button>\n      <\/h3>\n      <div role=\"region\" aria-labelledby=\"bde-faq-137-button-5\" id=\"bde-faq-137-5\" class=\"bde-faq__answer\">\n        <div class=\"bde-faq__answer-content\">\n            <div class=\"breakdance-rich-text-styles\"><p><span style=\"font-weight: 400;\">Najcz\u0119\u015bciej treningi s\u0105 prowadzone w Fitness Academy Stare Miasto w galerii Dominika\u0144skiej. Natomiast po wcze\u015bniejszym ustaleniu jest mo\u017cliwo\u015b\u0107 um\u00f3wienia treningu w innych lokalizacjach klub\u00f3w Fitness Academy w centrum miasta. <\/span><\/p><\/div>\n\n                    <\/div>\n      <\/div>\n    <\/div>\n      <div class=\"bde-faq__item\">\n      <h3 class=\"bde-faq__title-tag\">\n       <button id=\"bde-faq-137-button-6\" aria-expanded=\"false\" aria-controls=\"bde-faq-137-6\" class=\"bde-faq__question js-faq-item\">\n          <span class=\"bde-faq__title\">Czy potrzebuj\u0119 k\u0142\u00f3dki do szafki?<\/span>\n                           <div aria-hidden=\"true\" class=\"bde-faq__icon bde-faq__icon--inactive\">\n                                <svg xmlns=\"http:\/\/www.w3.org\/2000\/svg\" width=\"24\" height=\"24\" fill-rule=\"evenodd\" clip-rule=\"evenodd\"><path d=\"M12 0c6.623 0 12 5.377 12 12s-5.377 12-12 12-12-5.377-12-12 5.377-12 12-12zm0 1c6.071 0 11 4.929 11 11s-4.929 11-11 11-11-4.929-11-11 4.929-11 11-11zm5.247 8l-5.247 6.44-5.263-6.44-.737.678 6 7.322 6-7.335-.753-.665z\"\/><\/svg>\n                            <\/div>\n         \t  <div aria-hidden=\"true\" class=\"bde-faq__icon bde-faq__icon--active\">\n                                <svg xmlns=\"http:\/\/www.w3.org\/2000\/svg\" width=\"24\" height=\"24\" fill-rule=\"evenodd\" clip-rule=\"evenodd\"><path d=\"M12 0c6.623 0 12 5.377 12 12s-5.377 12-12 12-12-5.377-12-12 5.377-12 12-12zm0 1c6.071 0 11 4.929 11 11s-4.929 11-11 11-11-4.929-11-11 4.929-11 11-11zm5.247 15l-5.247-6.44-5.263 6.44-.737-.678 6-7.322 6 7.335-.753.665z\"\/><\/svg>\n                            <\/div>\n                  <\/button>\n      <\/h3>\n      <div role=\"region\" aria-labelledby=\"bde-faq-137-button-6\" id=\"bde-faq-137-6\" class=\"bde-faq__answer\">\n        <div class=\"bde-faq__answer-content\">\n            <div class=\"breakdance-rich-text-styles\"><p>Tak, musisz mie\u0107 swoj\u0105 k\u0142\u00f3dk\u0119 lub mo\u017cesz zakupi\u0107 na recepcji.<\/p><\/div>\n\n                    <\/div>\n      <\/div>\n    <\/div>\n  \n<\/div><\/div>\n<\/section>","protected":false},"excerpt":{"rendered":"<p>Pakiet PROGRES 8 trening\u00f3w personalnych we wroc\u0142awiu Pakiet PROGRES jest przeznaczony dla os\u00f3b, kt\u00f3re maj\u0105 czas tylko na 2 treningi personalne we Wroc\u0142awiu w tygodniu i chc\u0105 osi\u0105gn\u0105\u0107 konkretne rezultaty. Koncentrujemy si\u0119 na doskonaleniu techniki i zwi\u0119kszaniu intensywno\u015bci trening\u00f3w. Ten pakiet pozwoli Ci na znaczny rozw\u00f3j si\u0142y, wytrzyma\u0142o\u015bci, popraw\u0119 sylwetki oraz og\u00f3lnej sprawno\u015bci. Otrzymasz indywidualny [&hellip;]<\/p>\n","protected":false},"author":1,"featured_media":712,"parent":68,"menu_order":0,"comment_status":"closed","ping_status":"closed","template":"","meta":{"_acf_changed":false,"om_disable_all_campaigns":false,"_monsterinsights_skip_tracking":false,"_monsterinsights_sitenote_active":false,"_monsterinsights_sitenote_note":"","_monsterinsights_sitenote_category":0,"_breakdance_hide_in_design_set":false,"_breakdance_tags":"","footnotes":""},"class_list":["post-237","page","type-page","status-publish","has-post-thumbnail","hentry"],"acf":[],"aioseo_notices":[],"_links":{"self":[{"href":"https:\/\/dobrytrener.com\/en\/wp-json\/wp\/v2\/pages\/237","targetHints":{"allow":["GET"]}}],"collection":[{"href":"https:\/\/dobrytrener.com\/en\/wp-json\/wp\/v2\/pages"}],"about":[{"href":"https:\/\/dobrytrener.com\/en\/wp-json\/wp\/v2\/types\/page"}],"author":[{"embeddable":true,"href":"https:\/\/dobrytrener.com\/en\/wp-json\/wp\/v2\/users\/1"}],"replies":[{"embeddable":true,"href":"https:\/\/dobrytrener.com\/en\/wp-json\/wp\/v2\/comments?post=237"}],"version-history":[{"count":30,"href":"https:\/\/dobrytrener.com\/en\/wp-json\/wp\/v2\/pages\/237\/revisions"}],"predecessor-version":[{"id":1448,"href":"https:\/\/dobrytrener.com\/en\/wp-json\/wp\/v2\/pages\/237\/revisions\/1448"}],"up":[{"embeddable":true,"href":"https:\/\/dobrytrener.com\/en\/wp-json\/wp\/v2\/pages\/68"}],"wp:featuredmedia":[{"embeddable":true,"href":"https:\/\/dobrytrener.com\/en\/wp-json\/wp\/v2\/media\/712"}],"wp:attachment":[{"href":"https:\/\/dobrytrener.com\/en\/wp-json\/wp\/v2\/media?parent=237"}],"curies":[{"name":"wp","href":"https:\/\/api.w.org\/{rel}","templated":true}]}}