{"id":238,"date":"2024-07-24T13:17:34","date_gmt":"2024-07-24T13:17:34","guid":{"rendered":"https:\/\/dobrytrener.com\/?page_id=238"},"modified":"2025-12-31T11:09:45","modified_gmt":"2025-12-31T11:09:45","slug":"pakiet-transformacja","status":"publish","type":"page","link":"https:\/\/dobrytrener.com\/en\/oferta\/treningi-personalne-wroclaw\/pakiet-transformacja\/","title":{"rendered":"Transformation Package"},"content":{"rendered":"<section class=\"bde-section-238-124 bde-section\">\n              \n  \n  \n\t\n\n  <div class=\"section-background-overlay\"><\/div>\n\n\n<div class=\"section-container\"><h1 class=\"bde-heading-238-125 bde-heading\">\nPakiet TRANSFORMACJA\n<\/h1><h3 class=\"bde-heading-238-126 bde-heading\">\n12 trening\u00f3w personalnych we wroc\u0142awiu\n<\/h3><\/div>\n<\/section><section class=\"bde-section-238-102 bde-section\">\n  \n  \n\t\n\n\n\n<div class=\"section-container\"><div class=\"bde-columns-238-116 bde-columns\"><div class=\"bde-column-238-117 bde-column\">\n  \n  \n\t\n\n\n\n<div class=\"bde-rich-text-238-128 bde-rich-text breakdance-rich-text-styles\">\n<p>Pakiet TRANSFORMACJA jest dla os\u00f3b, kt\u00f3re s\u0105 zdeterminowane, aby dokona\u0107 trwa\u0142ej zmiany w swojej sylwetce. Podczas 12 sesji skupiamy si\u0119 na g\u0142\u0119bokiej pracy nad wszystkimi aspektami<a href=\"https:\/\/dobrytrener.com\/oferta-trener-personalny-wroclaw\/treningi-personalne-wroclaw\/\"> treningu personalnego we Wroc\u0142awiu,<\/a> od techniki po aspekt mentalny. Ten pakiet gwarantuje wsparcie w ka\u017cdym etapie procesu \u2013 od ustalenia cel\u00f3w, przez realizacj\u0119, a\u017c po ich osi\u0105gni\u0119cie. Otrzymasz spersonalizowany plan treningowy, a tak\u017ce wsparcie w zakresie kalorii i makrosk\u0142adnik\u00f3w, kt\u00f3re s\u0105 niezb\u0119dne dla Twojego post\u0119pu. Ten pakiet to inwestycja w siebie i w osi\u0105gni\u0119cie wymarzonej sylwetki z pomoc\u0105 do\u015bwiadczonego<a href=\"https:\/\/dobrytrener.com\/\"> trenera personalnego we Wroc\u0142awiu.<\/a><\/p>\n<\/div><div class=\"bde-rich-text-238-129 bde-rich-text breakdance-rich-text-styles\">\n<h3><span style=\"color: #000000;\">Ta forma wsp\u00f3\u0142pracy obejmuje:<\/span><\/h3>\n<ul>\n<li style=\"font-weight: 400;\" aria-level=\"1\"><span style=\"font-weight: 400;\">Wst\u0119pn\u0105 konsultacj\u0119 w celu okre\u015blenia celu i stanu zdrowia<\/span><\/li>\n<li style=\"font-weight: 400;\" aria-level=\"1\"><span style=\"font-weight: 400;\">3 treningi w tygodniu<\/span><\/li>\n<li style=\"font-weight: 400;\" aria-level=\"1\"><span style=\"font-weight: 400;\">Indywidualny plan treningowy z regularnymi zmianami<\/span><\/li>\n<li style=\"font-weight: 400;\" aria-level=\"1\"><span style=\"font-weight: 400;\">Wsparcie dietetyczne \u2013 dopasowanie kaloryczno\u015bci i makrosk\u0142adnik\u00f3w pod indywidualny cel<\/span><\/li>\n<li style=\"font-weight: 400;\" aria-level=\"1\"><span style=\"font-weight: 400;\">Kontakt, motywacja i wsparcie mentalne trenera<\/span><\/li>\n<li style=\"font-weight: 400;\" aria-level=\"1\"><span style=\"font-weight: 400;\">Pomoc w dobraniu suplement\u00f3w<\/span><\/li>\n<li style=\"font-weight: 400;\" aria-level=\"1\"><span style=\"font-weight: 400;\">Raporty 1x w tygodniu<\/span><\/li>\n<li style=\"font-weight: 400;\" aria-level=\"1\"><span style=\"font-weight: 400;\">Analiza: monitorowanie post\u0119p\u00f3w na podstawie przekazanych raport\u00f3w<\/span><\/li>\n<\/ul>\n<\/div><div class=\"bde-button-238-130 bde-button\">\n    \n                        \n                        \n    \n    \n    \n    \n            \n                    \n            \n            \n\n    \n    \n    \n    \n    \n    <a class=\"breakdance-link button-atom button-atom--secondary bde-button__button\" href=\"#kontakt\" target=\"_self\" data-type=\"url\"  >\n\n    \n        <span class=\"button-atom__text\">Koszt 1740 z\u0142\/msc<\/span>\n\n                            \n        \n                <\/a>\n\n    \n\n\n<\/div>\n<\/div><div class=\"bde-column-238-119 bde-column\">\n  \n  \n\t\n\n\n\n<div class=\"bde-image-238-118 bde-image\">\n<figure class=\"breakdance-image breakdance-image--719\">\n\t<div class=\"breakdance-image-container\">\n\t\t<div class=\"breakdance-image-clip\"><img decoding=\"async\" class=\"breakdance-image-object\" src=\"https:\/\/dobrytrener.com\/wp-content\/uploads\/2025\/07\/IMG_2253-scaled.jpeg\" width=\"2560\" height=\"2560\" srcset=\"https:\/\/dobrytrener.com\/wp-content\/uploads\/2025\/07\/IMG_2253-scaled.jpeg 2560w, https:\/\/dobrytrener.com\/wp-content\/uploads\/2025\/07\/IMG_2253-300x300.jpeg 300w, https:\/\/dobrytrener.com\/wp-content\/uploads\/2025\/07\/IMG_2253-1024x1024.jpeg 1024w, https:\/\/dobrytrener.com\/wp-content\/uploads\/2025\/07\/IMG_2253-150x150.jpeg 150w, https:\/\/dobrytrener.com\/wp-content\/uploads\/2025\/07\/IMG_2253-768x768.jpeg 768w, https:\/\/dobrytrener.com\/wp-content\/uploads\/2025\/07\/IMG_2253-1536x1536.jpeg 1536w, https:\/\/dobrytrener.com\/wp-content\/uploads\/2025\/07\/IMG_2253-2048x2048.jpeg 2048w, https:\/\/dobrytrener.com\/wp-content\/uploads\/2025\/07\/IMG_2253-12x12.jpeg 12w\" sizes=\"auto, (max-width: 2560px) 100vw, 2560px\" loading=\"lazy\"><\/div>\n\t<\/div><\/figure>\n\n<\/div>\n<\/div><\/div><\/div>\n<\/section><section id=\"kontakt\" class=\"bde-section-238-131 bde-section\">\n              \n  \n  \n\t\n\n  <div class=\"section-background-overlay\"><\/div>\n\n\n<div class=\"section-container\"><div class=\"bde-columns-238-132 bde-columns\"><div class=\"bde-column-238-133 bde-column\">\n  \n  \n\t\n\n\n\n<h2 class=\"bde-heading-238-134 bde-heading\">\nBezp\u0142atna konsultacja<br>\n<\/h2><div class=\"bde-fancy-divider-238-135 bde-fancy-divider\">\n\n\n<div class=\"bde-fancy-divider__wrapper\">\n  <div class=\"bde-fancy-divider__separator has-content has-content-flex-start \">\n  \t    \t    \t    \t\t\t    \t\t<div class=\"bde-fancy-divider__content bde-fancy-divider__content--icon\"><svg xmlns=\"http:\/\/www.w3.org\/2000\/svg\" viewBox=\"0 0 512 512\"><!-- Font Awesome Free 5.15.1 by @fontawesome - https:\/\/fontawesome.com License - https:\/\/fontawesome.com\/license\/free (Icons: CC BY 4.0, Fonts: SIL OFL 1.1, Code: MIT License) --><path d=\"M256 8C119.033 8 8 119.033 8 256s111.033 248 248 248 248-111.033 248-248S392.967 8 256 8zm80 248c0 44.112-35.888 80-80 80s-80-35.888-80-80 35.888-80 80-80 80 35.888 80 80z\"\/><\/svg><\/div>\n    \t                  <\/div>\n<\/div>\n\n<\/div><div class=\"bde-rich-text-238-136 bde-rich-text breakdance-rich-text-styles\">\n<p>Chcesz rozpocz\u0105\u0107 treningi personalne we Wroc\u0142awiu lub masz pytania o ofert\u0119?<\/p>\n<p>Wype\u0142nij formularz lub zadzwo\u0144 \u2013 pomog\u0119 Ci dobra\u0107 najlepsze rozwi\u0105zanie i zacz\u0105\u0107 prac\u0119 nad sylwetk\u0105.<\/p>\n<\/div><div class=\"bde-rich-text-238-137 bde-rich-text breakdance-rich-text-styles\">\n<p><span style=\"font-weight: 400;\">*** Nie podejmuj\u0119 wsp\u00f3\u0142pracy:<\/span><\/p>\n<ul>\n<li style=\"font-weight: 400;\" aria-level=\"1\"><span style=\"font-weight: 400;\">Z kobietami w ci\u0105\u017cy\u00a0<\/span><\/li>\n<li style=\"font-weight: 400;\" aria-level=\"1\"><span style=\"font-weight: 400;\">Z osobami, kt\u00f3re nie mog\u0105 wykonywa\u0107 \u0107wicze\u0144 si\u0142owych<\/span><\/li>\n<li style=\"font-weight: 400;\" aria-level=\"1\"><span style=\"font-weight: 400;\">Z osobami z chorobami serca (niewydolno\u015b\u0107 serca, arytmia, przebyte zawa\u0142y serca)<\/span><\/li>\n<li style=\"font-weight: 400;\" aria-level=\"1\"><span style=\"font-weight: 400;\">Z osobami choruj\u0105cymi na padaczk\u0119<\/span><\/li>\n<\/ul>\n<\/div>\n<\/div><div class=\"bde-column-238-138 bde-column\">\n  \n  \n\t\n\n\n\n<div class=\"bde-form-builder-238-139 bde-form-builder\">\n\n<form id=\"contact-form139\" class=\"breakdance-form breakdance-form--vertical\" data-options=\"{&quot;slug&quot;:&quot;custom&quot;,&quot;name&quot;:&quot;Contact Form&quot;,&quot;ajaxUrl&quot;:&quot;https:\\\/\\\/dobrytrener.com\\\/wp-admin\\\/admin-ajax.php&quot;,&quot;clearOnSuccess&quot;:true,&quot;hideOnSuccess&quot;:false,&quot;successMessage&quot;:&quot;Twoja wiadomo\\u015b\\u0107 zosta\\u0142a wys\\u0142ana &quot;,&quot;errorMessage&quot;:&quot;Something went wrong&quot;,&quot;redirect&quot;:false,&quot;redirectUrl&quot;:&quot;&quot;,&quot;customJavaScript&quot;:&quot;&quot;,&quot;recaptcha&quot;:{&quot;key&quot;:&quot;&quot;,&quot;enabled&quot;:false},&quot;honeypot_enabled&quot;:false,&quot;popupsOnSuccess&quot;:[],&quot;popupsOnError&quot;:[]}\" data-steps=\"0\" >\n  \n  \n  \n<div class=\"breakdance-form-field breakdance-form-field--text\" >\n    \n    \n    \n    <input\n    class=\"breakdance-form-field__input\"\n    id=\"name\"\n    aria-describedby=\"name\"\n    type=\"text\"\n    name=\"fields[name]\"\n    placeholder=\"Twoj\u0119 imie\"\n    value=\"\"\n                \n        \n        \n    required\n    \n    \n    \n>\n\n\n    \n    \n<\/div>\n\n\n<div class=\"breakdance-form-field breakdance-form-field--email\" >\n    \n    \n    \n    <input\n    class=\"breakdance-form-field__input\"\n    id=\"email\"\n    aria-describedby=\"email\"\n    type=\"email\"\n    name=\"fields[email]\"\n    placeholder=\"E-mail\"\n    value=\"\"\n                \n        \n        \n    required\n    \n    \n    \n>\n\n\n    \n    \n<\/div>\n\n\n<div class=\"breakdance-form-field breakdance-form-field--tel\" >\n    \n    \n    \n    <input\n    class=\"breakdance-form-field__input\"\n    id=\"telefon\"\n    aria-describedby=\"telefon\"\n    type=\"tel\"\n    name=\"fields[telefon]\"\n    placeholder=\"Numer telefonu\"\n    value=\"\"\n                \n        \n        \n    required\n    \n    \n    \n>\n\n\n    \n    \n<\/div>\n\n\n<div class=\"breakdance-form-field breakdance-form-field--select\" >\n    \n    \n    \n    <select\n    class=\"breakdance-form-field__input\"\n    id=\"Temat \"\n    name=\"fields[Temat ]\"\n    \n    \n        >\n      <option value=\"\">Wybierz temat wiadomo\u015bci <\/option>\n          <option value=\"pakiet START\" >pakiet START<\/option>\n        <option value=\"pakiet PROGRESS\" >pakiet PROGRESS<\/option>\n        <option value=\"pakiet TRANSFORMACJA\" >pakiet TRANSFORMACJA<\/option>\n        <option value=\"pakiet KOMPLEKSOWA PRZEMIANA\" >pakiet KOMPLEKSOWA PRZEMIANA<\/option>\n        <option value=\"pakiet FIT DUO\" >pakiet FIT DUO<\/option>\n        <option value=\"wsp\u00f3\u0142praca online\" >wsp\u00f3\u0142praca online<\/option>\n        <option value=\"plan treningowy\" >plan treningowy<\/option>\n  <\/select>\n\n\n    \n    \n<\/div>\n\n\n<div class=\"breakdance-form-field breakdance-form-field--textarea\" >\n    \n    \n    \n    <textarea\n    class=\"breakdance-form-field__input\"\n    id=\"wiadomo\u015b\u0107\"\n    aria-describedby=\"wiadomo\u015b\u0107\"\n    type=\"textarea\"\n    name=\"fields[wiadomo\u015b\u0107]\"\n        placeholder=\"Twoja wiadomo\u015b\u0107\"\n    \n    >\n<\/textarea>\n\n\n    \n    \n<\/div>\n\n\n  \n\n<div class=\"breakdance-form-field breakdance-form-footer\">\n    \n    \n                                    \n    \n    \n    \n    \n            \n            <button type=\"submit\" class=\"button-atom button-atom--primary breakdance-form-button breakdance-form-button__submit\"  >\n    \n        <span class=\"button-atom__text\">Wy\u015blij<\/span>\n\n        \n        \n            <\/button>\n    \n    <input type=\"hidden\" name=\"form_id\" value=\"139\">\n    <input type=\"hidden\" name=\"post_id\" value=\"238\">\n<\/div>\n\n  \n<\/form>\n\n\n<\/div>\n<\/div><\/div><\/div>\n<\/section><section class=\"bde-section-238-140 bde-section\">\n  \n  \n\t\n\n\n\n<div class=\"section-container\"><h2 class=\"bde-heading-238-141 bde-heading\">\nNajcz\u0119\u015bciej zadawane pytania\n<\/h2><div class=\"bde-frequently-asked-questions-238-142 bde-frequently-asked-questions\">\n      <div class=\"bde-faq__item\">\n      <h3 class=\"bde-faq__title-tag\">\n       <button id=\"bde-faq-142-button-1\" aria-expanded=\"false\" aria-controls=\"bde-faq-142-1\" class=\"bde-faq__question js-faq-item\">\n          <span class=\"bde-faq__title\">Ile trwa trening?<\/span>\n                           <div aria-hidden=\"true\" class=\"bde-faq__icon bde-faq__icon--inactive\">\n                                <svg xmlns=\"http:\/\/www.w3.org\/2000\/svg\" width=\"24\" height=\"24\" fill-rule=\"evenodd\" clip-rule=\"evenodd\"><path d=\"M12 0c6.623 0 12 5.377 12 12s-5.377 12-12 12-12-5.377-12-12 5.377-12 12-12zm0 1c6.071 0 11 4.929 11 11s-4.929 11-11 11-11-4.929-11-11 4.929-11 11-11zm5.247 8l-5.247 6.44-5.263-6.44-.737.678 6 7.322 6-7.335-.753-.665z\"\/><\/svg>\n                            <\/div>\n         \t  <div aria-hidden=\"true\" class=\"bde-faq__icon bde-faq__icon--active\">\n                                <svg xmlns=\"http:\/\/www.w3.org\/2000\/svg\" width=\"24\" height=\"24\" fill-rule=\"evenodd\" clip-rule=\"evenodd\"><path d=\"M12 0c6.623 0 12 5.377 12 12s-5.377 12-12 12-12-5.377-12-12 5.377-12 12-12zm0 1c6.071 0 11 4.929 11 11s-4.929 11-11 11-11-4.929-11-11 4.929-11 11-11zm5.247 15l-5.247-6.44-5.263 6.44-.737-.678 6-7.322 6 7.335-.753.665z\"\/><\/svg>\n                            <\/div>\n                  <\/button>\n      <\/h3>\n      <div role=\"region\" aria-labelledby=\"bde-faq-142-button-1\" id=\"bde-faq-142-1\" class=\"bde-faq__answer\">\n        <div class=\"bde-faq__answer-content\">\n            <div class=\"breakdance-rich-text-styles\"><p><span style=\"font-weight: 400;\">Trening trwa 60 minut<\/span><\/p><\/div>\n\n                    <\/div>\n      <\/div>\n    <\/div>\n      <div class=\"bde-faq__item\">\n      <h3 class=\"bde-faq__title-tag\">\n       <button id=\"bde-faq-142-button-2\" aria-expanded=\"false\" aria-controls=\"bde-faq-142-2\" class=\"bde-faq__question js-faq-item\">\n          <span class=\"bde-faq__title\">W jakim czasie nale\u017cy wykorzysta\u0107 zakupiony pakiet trening\u00f3w?<\/span>\n                           <div aria-hidden=\"true\" class=\"bde-faq__icon bde-faq__icon--inactive\">\n                                <svg xmlns=\"http:\/\/www.w3.org\/2000\/svg\" width=\"24\" height=\"24\" fill-rule=\"evenodd\" clip-rule=\"evenodd\"><path d=\"M12 0c6.623 0 12 5.377 12 12s-5.377 12-12 12-12-5.377-12-12 5.377-12 12-12zm0 1c6.071 0 11 4.929 11 11s-4.929 11-11 11-11-4.929-11-11 4.929-11 11-11zm5.247 8l-5.247 6.44-5.263-6.44-.737.678 6 7.322 6-7.335-.753-.665z\"\/><\/svg>\n                            <\/div>\n         \t  <div aria-hidden=\"true\" class=\"bde-faq__icon bde-faq__icon--active\">\n                                <svg xmlns=\"http:\/\/www.w3.org\/2000\/svg\" width=\"24\" height=\"24\" fill-rule=\"evenodd\" clip-rule=\"evenodd\"><path d=\"M12 0c6.623 0 12 5.377 12 12s-5.377 12-12 12-12-5.377-12-12 5.377-12 12-12zm0 1c6.071 0 11 4.929 11 11s-4.929 11-11 11-11-4.929-11-11 4.929-11 11-11zm5.247 15l-5.247-6.44-5.263 6.44-.737-.678 6-7.322 6 7.335-.753.665z\"\/><\/svg>\n                            <\/div>\n                  <\/button>\n      <\/h3>\n      <div role=\"region\" aria-labelledby=\"bde-faq-142-button-2\" id=\"bde-faq-142-2\" class=\"bde-faq__answer\">\n        <div class=\"bde-faq__answer-content\">\n            <div class=\"breakdance-rich-text-styles\"><p><span style=\"font-weight: 400;\">Pakiet START, PROGRES, TRANSFORMACJA, KOMPLEKSOWA PRZEMIANA nale\u017cy wykorzysta\u0107 w ci\u0105gu 1 miesi\u0105ca.<\/span><\/p>\n<p><span style=\"font-weight: 400;\">Niewykorzystane treningi przepadaj\u0105, nie ma mo\u017cliwo\u015bci zwrotu pieni\u0119dzy.<\/span><\/p><\/div>\n\n                    <\/div>\n      <\/div>\n    <\/div>\n      <div class=\"bde-faq__item\">\n      <h3 class=\"bde-faq__title-tag\">\n       <button id=\"bde-faq-142-button-3\" aria-expanded=\"false\" aria-controls=\"bde-faq-142-3\" class=\"bde-faq__question js-faq-item\">\n          <span class=\"bde-faq__title\">Czy trening mo\u017cna odwo\u0142ywa\u0107\/przek\u0142ada\u0107?<\/span>\n                           <div aria-hidden=\"true\" class=\"bde-faq__icon bde-faq__icon--inactive\">\n                                <svg xmlns=\"http:\/\/www.w3.org\/2000\/svg\" width=\"24\" height=\"24\" fill-rule=\"evenodd\" clip-rule=\"evenodd\"><path d=\"M12 0c6.623 0 12 5.377 12 12s-5.377 12-12 12-12-5.377-12-12 5.377-12 12-12zm0 1c6.071 0 11 4.929 11 11s-4.929 11-11 11-11-4.929-11-11 4.929-11 11-11zm5.247 8l-5.247 6.44-5.263-6.44-.737.678 6 7.322 6-7.335-.753-.665z\"\/><\/svg>\n                            <\/div>\n         \t  <div aria-hidden=\"true\" class=\"bde-faq__icon bde-faq__icon--active\">\n                                <svg xmlns=\"http:\/\/www.w3.org\/2000\/svg\" width=\"24\" height=\"24\" fill-rule=\"evenodd\" clip-rule=\"evenodd\"><path d=\"M12 0c6.623 0 12 5.377 12 12s-5.377 12-12 12-12-5.377-12-12 5.377-12 12-12zm0 1c6.071 0 11 4.929 11 11s-4.929 11-11 11-11-4.929-11-11 4.929-11 11-11zm5.247 15l-5.247-6.44-5.263 6.44-.737-.678 6-7.322 6 7.335-.753.665z\"\/><\/svg>\n                            <\/div>\n                  <\/button>\n      <\/h3>\n      <div role=\"region\" aria-labelledby=\"bde-faq-142-button-3\" id=\"bde-faq-142-3\" class=\"bde-faq__answer\">\n        <div class=\"bde-faq__answer-content\">\n            <div class=\"breakdance-rich-text-styles\"><p><span style=\"font-weight: 400;\">Tylko trening odwo\u0142any minimalnie 24h przed ustalon\u0105 data mo\u017cna odwo\u0142a\u0107 lub prze\u0142o\u017cy\u0107. W innym przypadku, trening niestety przepada.<\/span><\/p><\/div>\n\n                    <\/div>\n      <\/div>\n    <\/div>\n      <div class=\"bde-faq__item\">\n      <h3 class=\"bde-faq__title-tag\">\n       <button id=\"bde-faq-142-button-4\" aria-expanded=\"false\" aria-controls=\"bde-faq-142-4\" class=\"bde-faq__question js-faq-item\">\n          <span class=\"bde-faq__title\">Czy potrzebny jest dodatkowo karnet na si\u0142owni\u0119?<\/span>\n                           <div aria-hidden=\"true\" class=\"bde-faq__icon bde-faq__icon--inactive\">\n                                <svg xmlns=\"http:\/\/www.w3.org\/2000\/svg\" width=\"24\" height=\"24\" fill-rule=\"evenodd\" clip-rule=\"evenodd\"><path d=\"M12 0c6.623 0 12 5.377 12 12s-5.377 12-12 12-12-5.377-12-12 5.377-12 12-12zm0 1c6.071 0 11 4.929 11 11s-4.929 11-11 11-11-4.929-11-11 4.929-11 11-11zm5.247 8l-5.247 6.44-5.263-6.44-.737.678 6 7.322 6-7.335-.753-.665z\"\/><\/svg>\n                            <\/div>\n         \t  <div aria-hidden=\"true\" class=\"bde-faq__icon bde-faq__icon--active\">\n                                <svg xmlns=\"http:\/\/www.w3.org\/2000\/svg\" width=\"24\" height=\"24\" fill-rule=\"evenodd\" clip-rule=\"evenodd\"><path d=\"M12 0c6.623 0 12 5.377 12 12s-5.377 12-12 12-12-5.377-12-12 5.377-12 12-12zm0 1c6.071 0 11 4.929 11 11s-4.929 11-11 11-11-4.929-11-11 4.929-11 11-11zm5.247 15l-5.247-6.44-5.263 6.44-.737-.678 6-7.322 6 7.335-.753.665z\"\/><\/svg>\n                            <\/div>\n                  <\/button>\n      <\/h3>\n      <div role=\"region\" aria-labelledby=\"bde-faq-142-button-4\" id=\"bde-faq-142-4\" class=\"bde-faq__answer\">\n        <div class=\"bde-faq__answer-content\">\n            <div class=\"breakdance-rich-text-styles\"><p><span style=\"font-weight: 400;\">Osoby posiadaj\u0105ce kart\u0119 Multisport\/My Life\/Be Active nie s\u0105 zobowi\u0105zane do zakupu karnetu na si\u0142owni\u0119. W innym przypadku trzeba wykupi\u0107 karnet na si\u0142owni\u0119.<\/span><\/p><\/div>\n\n                    <\/div>\n      <\/div>\n    <\/div>\n      <div class=\"bde-faq__item\">\n      <h3 class=\"bde-faq__title-tag\">\n       <button id=\"bde-faq-142-button-5\" aria-expanded=\"false\" aria-controls=\"bde-faq-142-5\" class=\"bde-faq__question js-faq-item\">\n          <span class=\"bde-faq__title\">Czy treningi personalne odbywaj\u0105 si\u0119 tylko w jednej lokalizacji?<\/span>\n                           <div aria-hidden=\"true\" class=\"bde-faq__icon bde-faq__icon--inactive\">\n                                <svg xmlns=\"http:\/\/www.w3.org\/2000\/svg\" width=\"24\" height=\"24\" fill-rule=\"evenodd\" clip-rule=\"evenodd\"><path d=\"M12 0c6.623 0 12 5.377 12 12s-5.377 12-12 12-12-5.377-12-12 5.377-12 12-12zm0 1c6.071 0 11 4.929 11 11s-4.929 11-11 11-11-4.929-11-11 4.929-11 11-11zm5.247 8l-5.247 6.44-5.263-6.44-.737.678 6 7.322 6-7.335-.753-.665z\"\/><\/svg>\n                            <\/div>\n         \t  <div aria-hidden=\"true\" class=\"bde-faq__icon bde-faq__icon--active\">\n                                <svg xmlns=\"http:\/\/www.w3.org\/2000\/svg\" width=\"24\" height=\"24\" fill-rule=\"evenodd\" clip-rule=\"evenodd\"><path d=\"M12 0c6.623 0 12 5.377 12 12s-5.377 12-12 12-12-5.377-12-12 5.377-12 12-12zm0 1c6.071 0 11 4.929 11 11s-4.929 11-11 11-11-4.929-11-11 4.929-11 11-11zm5.247 15l-5.247-6.44-5.263 6.44-.737-.678 6-7.322 6 7.335-.753.665z\"\/><\/svg>\n                            <\/div>\n                  <\/button>\n      <\/h3>\n      <div role=\"region\" aria-labelledby=\"bde-faq-142-button-5\" id=\"bde-faq-142-5\" class=\"bde-faq__answer\">\n        <div class=\"bde-faq__answer-content\">\n            <div class=\"breakdance-rich-text-styles\"><p><span style=\"font-weight: 400;\">Najcz\u0119\u015bciej treningi s\u0105 prowadzone w Fitness Academy Stare Miasto w galerii Dominika\u0144skiej. Natomiast po wcze\u015bniejszym ustaleniu jest mo\u017cliwo\u015b\u0107 um\u00f3wienia treningu w innych lokalizacjach klub\u00f3w Fitness Academy w centrum miasta. <\/span><\/p><\/div>\n\n                    <\/div>\n      <\/div>\n    <\/div>\n      <div class=\"bde-faq__item\">\n      <h3 class=\"bde-faq__title-tag\">\n       <button id=\"bde-faq-142-button-6\" aria-expanded=\"false\" aria-controls=\"bde-faq-142-6\" class=\"bde-faq__question js-faq-item\">\n          <span class=\"bde-faq__title\">Czy potrzebuj\u0119 k\u0142\u00f3dki do szafki?<\/span>\n                           <div aria-hidden=\"true\" class=\"bde-faq__icon bde-faq__icon--inactive\">\n                                <svg xmlns=\"http:\/\/www.w3.org\/2000\/svg\" width=\"24\" height=\"24\" fill-rule=\"evenodd\" clip-rule=\"evenodd\"><path d=\"M12 0c6.623 0 12 5.377 12 12s-5.377 12-12 12-12-5.377-12-12 5.377-12 12-12zm0 1c6.071 0 11 4.929 11 11s-4.929 11-11 11-11-4.929-11-11 4.929-11 11-11zm5.247 8l-5.247 6.44-5.263-6.44-.737.678 6 7.322 6-7.335-.753-.665z\"\/><\/svg>\n                            <\/div>\n         \t  <div aria-hidden=\"true\" class=\"bde-faq__icon bde-faq__icon--active\">\n                                <svg xmlns=\"http:\/\/www.w3.org\/2000\/svg\" width=\"24\" height=\"24\" fill-rule=\"evenodd\" clip-rule=\"evenodd\"><path d=\"M12 0c6.623 0 12 5.377 12 12s-5.377 12-12 12-12-5.377-12-12 5.377-12 12-12zm0 1c6.071 0 11 4.929 11 11s-4.929 11-11 11-11-4.929-11-11 4.929-11 11-11zm5.247 15l-5.247-6.44-5.263 6.44-.737-.678 6-7.322 6 7.335-.753.665z\"\/><\/svg>\n                            <\/div>\n                  <\/button>\n      <\/h3>\n      <div role=\"region\" aria-labelledby=\"bde-faq-142-button-6\" id=\"bde-faq-142-6\" class=\"bde-faq__answer\">\n        <div class=\"bde-faq__answer-content\">\n            <div class=\"breakdance-rich-text-styles\"><p>Tak, musisz posiada\u0107 swoj\u0105 k\u0142\u00f3dk\u0119 lub mo\u017cesz zakupi\u0107 na recepcji.<\/p><\/div>\n\n                    <\/div>\n      <\/div>\n    <\/div>\n  \n<\/div><\/div>\n<\/section>","protected":false},"excerpt":{"rendered":"<p>Pakiet TRANSFORMACJA 12 trening\u00f3w personalnych we wroc\u0142awiu Pakiet TRANSFORMACJA jest dla os\u00f3b, kt\u00f3re s\u0105 zdeterminowane, aby dokona\u0107 trwa\u0142ej zmiany w swojej sylwetce. Podczas 12 sesji skupiamy si\u0119 na g\u0142\u0119bokiej pracy nad wszystkimi aspektami treningu personalnego we Wroc\u0142awiu, od techniki po aspekt mentalny. Ten pakiet gwarantuje wsparcie w ka\u017cdym etapie procesu \u2013 od ustalenia cel\u00f3w, przez [&hellip;]<\/p>\n","protected":false},"author":1,"featured_media":719,"parent":68,"menu_order":0,"comment_status":"closed","ping_status":"closed","template":"","meta":{"_acf_changed":false,"om_disable_all_campaigns":false,"_monsterinsights_skip_tracking":false,"_monsterinsights_sitenote_active":false,"_monsterinsights_sitenote_note":"","_monsterinsights_sitenote_category":0,"_breakdance_hide_in_design_set":false,"_breakdance_tags":"","footnotes":""},"class_list":["post-238","page","type-page","status-publish","has-post-thumbnail","hentry"],"acf":[],"aioseo_notices":[],"_links":{"self":[{"href":"https:\/\/dobrytrener.com\/en\/wp-json\/wp\/v2\/pages\/238","targetHints":{"allow":["GET"]}}],"collection":[{"href":"https:\/\/dobrytrener.com\/en\/wp-json\/wp\/v2\/pages"}],"about":[{"href":"https:\/\/dobrytrener.com\/en\/wp-json\/wp\/v2\/types\/page"}],"author":[{"embeddable":true,"href":"https:\/\/dobrytrener.com\/en\/wp-json\/wp\/v2\/users\/1"}],"replies":[{"embeddable":true,"href":"https:\/\/dobrytrener.com\/en\/wp-json\/wp\/v2\/comments?post=238"}],"version-history":[{"count":36,"href":"https:\/\/dobrytrener.com\/en\/wp-json\/wp\/v2\/pages\/238\/revisions"}],"predecessor-version":[{"id":1449,"href":"https:\/\/dobrytrener.com\/en\/wp-json\/wp\/v2\/pages\/238\/revisions\/1449"}],"up":[{"embeddable":true,"href":"https:\/\/dobrytrener.com\/en\/wp-json\/wp\/v2\/pages\/68"}],"wp:featuredmedia":[{"embeddable":true,"href":"https:\/\/dobrytrener.com\/en\/wp-json\/wp\/v2\/media\/719"}],"wp:attachment":[{"href":"https:\/\/dobrytrener.com\/en\/wp-json\/wp\/v2\/media?parent=238"}],"curies":[{"name":"wp","href":"https:\/\/api.w.org\/{rel}","templated":true}]}}