{"id":65,"date":"2024-07-21T13:55:23","date_gmt":"2024-07-21T13:55:23","guid":{"rendered":"https:\/\/dobrytrener.com\/?page_id=65"},"modified":"2025-10-02T15:22:25","modified_gmt":"2025-10-02T15:22:25","slug":"kontakt-trener-personalny-wroclaw","status":"publish","type":"page","link":"https:\/\/dobrytrener.com\/en\/kontakt-trener-personalny-wroclaw\/","title":{"rendered":"Kontakt &#8211; Um\u00f3w Bezp\u0142atn\u0105 Konsultacj\u0119"},"content":{"rendered":"<section class=\"bde-section-65-132 bde-section\">\n              \n  \n  \n\t\n\n  <div class=\"section-background-overlay\"><\/div>\n\n\n<div class=\"section-container\"><div class=\"bde-columns-65-133 bde-columns\"><div class=\"bde-column-65-134 bde-column\">\n  \n  \n\t\n\n\n\n<h1 class=\"bde-heading-65-135 bde-heading\">\nZacznij ju\u017c dzi\u015b!\n<\/h1>\n<\/div><\/div><\/div>\n<\/section><section class=\"bde-section-65-151 bde-section\">\n  \n  \n\t\n\n\n\n<div class=\"section-container\"><div class=\"bde-code-block-65-152 bde-code-block\">\n\n  <iframe src=\"https:\/\/www.google.com\/maps\/embed?pb=!1m18!1m12!1m3!1d2505.0060360833604!2d17.0404281!3d51.108348799999995!2m3!1f0!2f0!3f0!3m2!1i1024!2i768!4f13.1!3m3!1m2!1s0x470fc3bb886f8f8b%3A0xd5cd4ca0e16653b2!2sMarcin%20Czarnecki%20Trener%20personalny!5e0!3m2!1spl!2spl!4v1721713422569!5m2!1spl!2spl\" width=\"1800\" height=\"450\" style=\"border:0;\" allowfullscreen=\"\" loading=\"lazy\" referrerpolicy=\"no-referrer-when-downgrade\"><\/iframe>\n\n\n<\/div><\/div>\n<\/section><section class=\"bde-section-65-153 bde-section\">\n  \n  \n\t\n\n\n\n<div class=\"section-container\"><div class=\"bde-columns-65-154 bde-columns\"><div class=\"bde-column-65-155 bde-column\">\n  \n  \n\t\n\n\n\n<div class=\"bde-icon-65-156 bde-icon\">\n\n    \n                    \n            \n            \n\n    \n    \n    \n    \n    \n    <a class=\"breakdance-link bde-icon-icon breakdance-icon-atom\" href=\"https:\/\/maps.app.goo.gl\/EzTrrdy29Ch7Qo2u8\" target=\"_self\" data-type=\"url\"  >\n\n    \n                    <svg xmlns=\"http:\/\/www.w3.org\/2000\/svg\" viewBox=\"0 0 512 512\"><!-- Font Awesome Free 5.15.1 by @fontawesome - https:\/\/fontawesome.com License - https:\/\/fontawesome.com\/license\/free (Icons: CC BY 4.0, Fonts: SIL OFL 1.1, Code: MIT License) --><path d=\"M444.52 3.52L28.74 195.42c-47.97 22.39-31.98 92.75 19.19 92.75h175.91v175.91c0 51.17 70.36 67.17 92.75 19.19l191.9-415.78c15.99-38.39-25.59-79.97-63.97-63.97z\"\/><\/svg>\n        \n        \n        \n                <\/a>\n\n    \n\n\n<\/div><h4 class=\"bde-heading-65-157 bde-heading\">\nADRES\n<\/h4><div class=\"bde-rich-text-65-158 bde-rich-text breakdance-rich-text-styles\">\n<p><a href=\"https:\/\/maps.app.goo.gl\/EzTrrdy29Ch7Qo2u8\"><span style=\"font-weight: 400;\">Galeria Dominika\u0144ska,<br \/><\/span><span style=\"font-weight: 400;\">Plac Dominika\u0144ski 3,<br \/><\/span><span style=\"font-weight: 400;\">50-159 Wroc\u0142aw <\/span><\/a><\/p>\n<\/div>\n<\/div><div class=\"bde-column-65-159 bde-column\">\n  \n  \n\t\n\n\n\n<div class=\"bde-icon-65-160 bde-icon\">\n\n    \n                    \n            \n            \n\n    \n    \n    \n    \n    \n    <a class=\"breakdance-link bde-icon-icon breakdance-icon-atom\" href=\"+48 661 501 036\" target=\"_self\" data-type=\"url\"  >\n\n    \n                    <svg xmlns=\"http:\/\/www.w3.org\/2000\/svg\" id=\"icon-phone\" viewBox=\"0 0 32 32\">\n<path d=\"M22 20c-2 2-2 4-4 4s-4-2-6-4-4-4-4-6 2-2 4-4-4-8-6-8-6 6-6 6c0 4 4.109 12.109 8 16s12 8 16 8c0 0 6-4 6-6s-6-8-8-6z\"\/>\n<\/svg>\n        \n        \n        \n                <\/a>\n\n    \n\n\n<\/div><h4 class=\"bde-heading-65-161 bde-heading\">\nTelefon\n<\/h4><div class=\"bde-rich-text-65-162 bde-rich-text breakdance-rich-text-styles\">\n<p><a href=\"tel:+48661501036\">+48 661 501 036<\/a><\/p>\n<\/div>\n<\/div><div class=\"bde-column-65-163 bde-column\">\n  \n  \n\t\n\n\n\n<div class=\"bde-icon-65-164 bde-icon\">\n\n    \n            <div class=\"bde-icon-icon breakdance-icon-atom\" >\n    \n                    <svg xmlns=\"http:\/\/www.w3.org\/2000\/svg\" id=\"icon-mail3\" viewBox=\"0 0 32 32\">\n<path d=\"M26.667 0h-21.333c-2.934 0-5.334 2.4-5.334 5.334v21.332c0 2.936 2.4 5.334 5.334 5.334h21.333c2.934 0 5.333-2.398 5.333-5.334v-21.332c0-2.934-2.399-5.334-5.333-5.334zM5.707 27.707l-2.414-2.414 8-8 0.914 0.914-6.5 9.5zM4.793 6.207l0.914-0.914 10.293 8.293 10.293-8.293 0.914 0.914-11.207 13.207-11.207-13.207zM26.293 27.707l-6.5-9.5 0.914-0.914 8 8-2.414 2.414z\"\/>\n<\/svg>\n        \n        \n        \n            <\/div>\n    \n\n\n<\/div><h4 class=\"bde-heading-65-165 bde-heading\">\nEmail\n<\/h4><div class=\"bde-rich-text-65-166 bde-rich-text breakdance-rich-text-styles\">\n<p><a href=\"mailto:kontakt@dobrytrener.com\">kontakt@dobrytrener.com<\/a><\/p>\n<\/div>\n<\/div><\/div><div class=\"bde-columns-65-167 bde-columns\"><div class=\"bde-column-65-168 bde-column\">\n  \n  \n\t\n\n\n\n<div class=\"bde-image-65-169 bde-image\">\n<figure class=\"breakdance-image breakdance-image--853\">\n\t<div class=\"breakdance-image-container\">\n\t\t<div class=\"breakdance-image-clip\"><img decoding=\"async\" class=\"breakdance-image-object\" src=\"https:\/\/dobrytrener.com\/wp-content\/uploads\/2025\/08\/IMG_2465-scaled.jpeg\" width=\"1920\" height=\"2560\" srcset=\"https:\/\/dobrytrener.com\/wp-content\/uploads\/2025\/08\/IMG_2465-scaled.jpeg 1920w, https:\/\/dobrytrener.com\/wp-content\/uploads\/2025\/08\/IMG_2465-225x300.jpeg 225w, https:\/\/dobrytrener.com\/wp-content\/uploads\/2025\/08\/IMG_2465-768x1024.jpeg 768w, https:\/\/dobrytrener.com\/wp-content\/uploads\/2025\/08\/IMG_2465-1152x1536.jpeg 1152w, https:\/\/dobrytrener.com\/wp-content\/uploads\/2025\/08\/IMG_2465-1536x2048.jpeg 1536w, https:\/\/dobrytrener.com\/wp-content\/uploads\/2025\/08\/IMG_2465-9x12.jpeg 9w\" sizes=\"auto, (max-width: 1920px) 100vw, 1920px\" loading=\"lazy\"><\/div>\n\t<\/div><\/figure>\n\n<\/div>\n<\/div><div class=\"bde-column-65-170 bde-column\">\n  \n  \n\t\n\n\n\n<h3 class=\"bde-heading-65-171 bde-heading\">\nNapisz lub zadzwo\u0144! \n<\/h3><h2 class=\"bde-heading-65-172 bde-heading\">\nBezp\u0142atna konsultacja\n<\/h2><div class=\"bde-fancy-divider-65-173 bde-fancy-divider\">\n\n\n<div class=\"bde-fancy-divider__wrapper\">\n  <div class=\"bde-fancy-divider__separator has-content has-content-flex-start \">\n  \t    \t    \t    \t\t\t    \t\t<div class=\"bde-fancy-divider__content bde-fancy-divider__content--icon\"><svg xmlns=\"http:\/\/www.w3.org\/2000\/svg\" viewBox=\"0 0 512 512\"><!-- Font Awesome Free 5.15.1 by @fontawesome - https:\/\/fontawesome.com License - https:\/\/fontawesome.com\/license\/free (Icons: CC BY 4.0, Fonts: SIL OFL 1.1, Code: MIT License) --><path d=\"M256 8C119.033 8 8 119.033 8 256s111.033 248 248 248 248-111.033 248-248S392.967 8 256 8zm80 248c0 44.112-35.888 80-80 80s-80-35.888-80-80 35.888-80 80-80 80 35.888 80 80z\"\/><\/svg><\/div>\n    \t                  <\/div>\n<\/div>\n\n<\/div><div class=\"bde-form-builder-65-174 bde-form-builder\">\n\n<form id=\"contact-form174\" class=\"breakdance-form breakdance-form--vertical\" data-options=\"{&quot;slug&quot;:&quot;custom&quot;,&quot;name&quot;:&quot;Contact Form&quot;,&quot;ajaxUrl&quot;:&quot;https:\\\/\\\/dobrytrener.com\\\/wp-admin\\\/admin-ajax.php&quot;,&quot;clearOnSuccess&quot;:true,&quot;hideOnSuccess&quot;:false,&quot;successMessage&quot;:&quot;Twoja wiadomo\\u015b\\u0107 zosta\\u0142a wys\\u0142ana&quot;,&quot;errorMessage&quot;:&quot;Co\\u015b posz\\u0142o nie tak&quot;,&quot;redirect&quot;:false,&quot;redirectUrl&quot;:&quot;&quot;,&quot;customJavaScript&quot;:&quot;&quot;,&quot;recaptcha&quot;:{&quot;key&quot;:&quot;&quot;,&quot;enabled&quot;:true},&quot;honeypot_enabled&quot;:false,&quot;popupsOnSuccess&quot;:[],&quot;popupsOnError&quot;:[]}\" data-steps=\"0\" >\n  \n  \n  \n<div class=\"breakdance-form-field breakdance-form-field--text breakdance-form-field__hide-label\" >\n    \n    \n    \n    <input\n    class=\"breakdance-form-field__input\"\n    id=\"imie\"\n    aria-describedby=\"imie\"\n    type=\"text\"\n    name=\"fields[imie]\"\n    placeholder=\"Twoje imi\u0119\"\n    value=\"\"\n                \n        \n        \n    \n    \n    \n    \n>\n\n\n    \n    \n<\/div>\n\n\n<div class=\"breakdance-form-field breakdance-form-field--text\" >\n    \n    \n    \n    <input\n    class=\"breakdance-form-field__input\"\n    id=\"email\"\n    aria-describedby=\"email\"\n    type=\"text\"\n    name=\"fields[email]\"\n    placeholder=\"E-mail\"\n    value=\"\"\n                \n        \n        \n    required\n    \n    \n    \n>\n\n\n    \n    \n<\/div>\n\n\n<div class=\"breakdance-form-field breakdance-form-field--tel\" >\n    \n    \n    \n    <input\n    class=\"breakdance-form-field__input\"\n    id=\"telefon\"\n    aria-describedby=\"telefon\"\n    type=\"tel\"\n    name=\"fields[telefon]\"\n    placeholder=\"Numer telefonu\"\n    value=\"\"\n                \n        \n        \n    required\n    \n    \n    \n>\n\n\n    \n    \n<\/div>\n\n\n<div class=\"breakdance-form-field breakdance-form-field--select\" >\n    \n    \n    \n    <select\n    class=\"breakdance-form-field__input\"\n    id=\"temat\"\n    name=\"fields[temat]\"\n    \n    \n        >\n      <option value=\"\">Wybierz temat wiadomo\u015bci<\/option>\n          <option value=\"pakiet START\" >pakiet START<\/option>\n        <option value=\"pakiet PROGRES\" >pakiet PROGRES<\/option>\n        <option value=\"pakiet TRANSFORMACJA\" >pakiet TRANSFORMACJA<\/option>\n        <option value=\"pakiet KOMPLEKSOWA PRZEMIANA\" >pakiet KOMPLEKSOWA PRZEMIANA<\/option>\n        <option value=\"pakiet FIT DUO\" >pakiet FIT DUO<\/option>\n        <option value=\"wsp\u00f3\u0142praca online\" >wsp\u00f3\u0142praca online<\/option>\n        <option value=\"plan treningowy\" >plan treningowy<\/option>\n  <\/select>\n\n\n    \n    \n<\/div>\n\n\n<div class=\"breakdance-form-field breakdance-form-field--textarea\" >\n    \n    \n    \n    <textarea\n    class=\"breakdance-form-field__input\"\n    id=\"Wiadomo\u015b\u0107\"\n    aria-describedby=\"Wiadomo\u015b\u0107\"\n    type=\"textarea\"\n    name=\"fields[Wiadomo\u015b\u0107]\"\n        placeholder=\"Twoja wiadomo\u015b\u0107\"\n    \n    >\n<\/textarea>\n\n\n    \n    \n<\/div>\n\n\n  \n\n<div class=\"breakdance-form-field breakdance-form-footer\">\n    \n    \n                                    \n    \n    \n    \n    \n            \n            <button type=\"submit\" class=\"button-atom button-atom--primary breakdance-form-button breakdance-form-button__submit\"  >\n    \n        <span class=\"button-atom__text\">Wy\u015blij<\/span>\n\n        \n        \n            <\/button>\n    \n    <input type=\"hidden\" name=\"form_id\" value=\"174\">\n    <input type=\"hidden\" name=\"post_id\" value=\"65\">\n<\/div>\n\n  \n<\/form>\n\n\n<\/div>\n<\/div><\/div><\/div>\n<\/section>","protected":false},"excerpt":{"rendered":"<p>Zacznij ju\u017c dzi\u015b! ADRES Galeria Dominika\u0144ska,Plac Dominika\u0144ski 3,50-159 Wroc\u0142aw Telefon +48 661 501 036 Email kontakt@dobrytrener.com Napisz lub zadzwo\u0144! Bezp\u0142atna konsultacja Wybierz temat wiadomo\u015bci pakiet START pakiet PROGRES pakiet TRANSFORMACJA pakiet KOMPLEKSOWA PRZEMIANA pakiet FIT DUO wsp\u00f3\u0142praca online plan treningowy Wy\u015blij<\/p>","protected":false},"author":1,"featured_media":733,"parent":0,"menu_order":0,"comment_status":"closed","ping_status":"closed","template":"","meta":{"_acf_changed":false,"om_disable_all_campaigns":false,"_monsterinsights_skip_tracking":false,"_monsterinsights_sitenote_active":false,"_monsterinsights_sitenote_note":"","_monsterinsights_sitenote_category":0,"_breakdance_hide_in_design_set":false,"_breakdance_tags":"","footnotes":""},"class_list":["post-65","page","type-page","status-publish","has-post-thumbnail","hentry"],"acf":[],"aioseo_notices":[],"_links":{"self":[{"href":"https:\/\/dobrytrener.com\/en\/wp-json\/wp\/v2\/pages\/65","targetHints":{"allow":["GET"]}}],"collection":[{"href":"https:\/\/dobrytrener.com\/en\/wp-json\/wp\/v2\/pages"}],"about":[{"href":"https:\/\/dobrytrener.com\/en\/wp-json\/wp\/v2\/types\/page"}],"author":[{"embeddable":true,"href":"https:\/\/dobrytrener.com\/en\/wp-json\/wp\/v2\/users\/1"}],"replies":[{"embeddable":true,"href":"https:\/\/dobrytrener.com\/en\/wp-json\/wp\/v2\/comments?post=65"}],"version-history":[{"count":41,"href":"https:\/\/dobrytrener.com\/en\/wp-json\/wp\/v2\/pages\/65\/revisions"}],"predecessor-version":[{"id":1369,"href":"https:\/\/dobrytrener.com\/en\/wp-json\/wp\/v2\/pages\/65\/revisions\/1369"}],"wp:featuredmedia":[{"embeddable":true,"href":"https:\/\/dobrytrener.com\/en\/wp-json\/wp\/v2\/media\/733"}],"wp:attachment":[{"href":"https:\/\/dobrytrener.com\/en\/wp-json\/wp\/v2\/media?parent=65"}],"curies":[{"name":"wp","href":"https:\/\/api.w.org\/{rel}","templated":true}]}}