{"id":69,"date":"2024-07-21T14:14:46","date_gmt":"2024-07-21T14:14:46","guid":{"rendered":"https:\/\/dobrytrener.com\/?page_id=69"},"modified":"2026-03-29T19:09:40","modified_gmt":"2026-03-29T19:09:40","slug":"wspolpraca-online","status":"publish","type":"page","link":"https:\/\/dobrytrener.com\/en\/oferta\/wspolpraca-online\/","title":{"rendered":"Online collaboration"},"content":{"rendered":"<section class=\"bde-section-69-102 bde-section\">\n  \n  \n\t\n\n\n\n<div class=\"section-container\"><div class=\"bde-columns-69-103 bde-columns\"><div class=\"bde-column-69-104 bde-column\">\n  \n  \n\t\n\n\n\n<div class=\"bde-image-69-105 bde-image\">\n<figure class=\"breakdance-image breakdance-image--323\">\n\t<div class=\"breakdance-image-container\">\n\t\t<div class=\"breakdance-image-clip\"><img decoding=\"async\" class=\"breakdance-image-object\" src=\"https:\/\/breakdancelibrary.com\/samba\/wp-content\/uploads\/sites\/2\/2023\/01\/triangles.svg\" width=\"131\" height=\"139\" sizes=\"(max-width: 131px) 100vw, 131px\" loading=\"lazy\"><\/div>\n\t<\/div><\/figure>\n\n<\/div><div class=\"bde-text-69-106 bde-text\">\nOferta\n<\/div><h2 class=\"bde-heading-69-107 bde-heading\">\nWSP\u00d3\u0141PRACA ONLINE \n<\/h2><div class=\"bde-text-69-108 bde-text\">\nChcesz \u0107wiczy\u0107 pod moim okiem, ale nie mo\u017cesz trenowa\u0107 ze mn\u0105 we Wroc\u0142awiu?<br>Wsp\u00f3\u0142praca online daje Ci dost\u0119p do indywidualnego planu, wsparcia dietetycznego i sta\u0142ej opieki \u2013 bez wzgl\u0119du na to, gdzie mieszkasz<br><br>Jak to dzia\u0142a?\u00a0Zobacz obok->\n<\/div><div class=\"bde-button-69-222 bde-button\">\n    \n                        \n                        \n    \n    \n    \n    \n            \n                    \n            \n            \n\n    \n    \n    \n    \n    \n    <a class=\"breakdance-link button-atom button-atom--secondary bde-button__button\" href=\"#kontakt\" target=\"_self\" data-type=\"url\"  >\n\n    \n        <span class=\"button-atom__text\"> Koszt 350z\u0142\/msc<\/span>\n\n                            \n        \n                <\/a>\n\n    \n\n\n<\/div>\n<\/div><div class=\"bde-column-69-109 bde-column\">\n  \n  \n\t\n\n\n\n<div class=\"bde-div-69-110 bde-div\">\n  \n  \n\t\n\n\n\n<div class=\"bde-div-69-111 bde-div\">\n  \n  \n\t\n\n\n\n<div class=\"bde-icon-69-112 bde-icon\">\n\n    \n            <div class=\"bde-icon-icon breakdance-icon-atom\" >\n    \n                    <svg xmlns=\"http:\/\/www.w3.org\/2000\/svg\" fill=\"#000000\" width=\"800px\" height=\"800px\" viewBox=\"-11 0 32 32\" version=\"1.1\">\r\n<title>one<\/title>\r\n<path d=\"M1.906 2.625h5.469v22.969h-2.281v-20.75h-3.188v-2.219z\"\/>\r\n<\/svg>\n        \n        \n        \n            <\/div>\n    \n\n\n<\/div><div class=\"bde-div-69-113 bde-div\">\n  \n  \n\t\n\n\n\n\n<\/div>\n<\/div><div class=\"bde-div-69-114 bde-div\">\n  \n  \n\t\n\n\n\n<h3 class=\"bde-heading-69-115 bde-heading\">\nKonsultacja\n<\/h3><div class=\"bde-text-69-117 bde-text\">\nSoftware Engineer\n<\/div><div class=\"bde-text-69-118 bde-text\">\nRozmowa telefoniczna\/online, podczas kt\u00f3rej om\u00f3wi\u0119 z Tob\u0105 twoje cele, potrzeby, obecny stan zdrowia i kondycji fizycznej. Na tej podstawie opracujemy plan dzia\u0142ania.\n<\/div>\n<\/div>\n<\/div><div class=\"bde-div-69-119 bde-div\">\n  \n  \n\t\n\n\n\n<div class=\"bde-div-69-120 bde-div\">\n  \n  \n\t\n\n\n\n<div class=\"bde-icon-69-121 bde-icon\">\n\n    \n            <div class=\"bde-icon-icon breakdance-icon-atom\" >\n    \n                    <svg xmlns=\"http:\/\/www.w3.org\/2000\/svg\" fill=\"#000000\" width=\"800px\" height=\"800px\" viewBox=\"-7 0 32 32\" version=\"1.1\">\r\n<title>two<\/title>\r\n<path d=\"M14.5 13.531l-8.344 9.813h10.156v2.25h-15.031l7.969-9.344s3.656-4.219 4-4.75 0.594-1.469 0.594-2.344c0-2.719-2.188-4.938-4.938-4.938-2.719 0-4.938 2.219-4.938 4.938 0 0.813 0.188 1.531 0.531 2.219h-2.313c-0.25-0.719-0.406-1.406-0.406-2.219 0-3.906 3.219-7.125 7.125-7.125 3.656 0 6.656 2.75 7.063 6.313 0.031 0.25 0.031 0.563 0.031 0.813 0 1.656-0.563 3.188-1.5 4.375z\"\/>\r\n<\/svg>\n        \n        \n        \n            <\/div>\n    \n\n\n<\/div><div class=\"bde-div-69-122 bde-div\">\n  \n  \n\t\n\n\n\n\n<\/div>\n<\/div><div class=\"bde-div-69-123 bde-div\">\n  \n  \n\t\n\n\n\n<h3 class=\"bde-heading-69-124 bde-heading\">\nIndywidualny plan treningowy\n<\/h3><div class=\"bde-text-69-126 bde-text\">\nBusiness Analyst\n<\/div><div class=\"bde-text-69-127 bde-text\">\nOtrzymasz spersonalizowany plan treningowy dostosowany do twoich mo\u017cliwo\u015bci. Plan b\u0119dzie zawiera\u0142 szczeg\u00f3\u0142owe instrukcj\u0119 oraz progresj\u0119 na przestrzeni tygodni.\n<\/div>\n<\/div>\n<\/div><div class=\"bde-div-69-128 bde-div\">\n  \n  \n\t\n\n\n\n<div class=\"bde-div-69-129 bde-div\">\n  \n  \n\t\n\n\n\n<div class=\"bde-icon-69-130 bde-icon\">\n\n    \n            <div class=\"bde-icon-icon breakdance-icon-atom\" >\n    \n                    <svg xmlns=\"http:\/\/www.w3.org\/2000\/svg\" fill=\"#000000\" width=\"800px\" height=\"800px\" viewBox=\"-7 0 32 32\" version=\"1.1\">\r\n<title>three<\/title>\r\n<path d=\"M4.875 8h-2.25c0.063-3.281 2.781-6 6.094-6s6.031 2.719 6.031 6.094c0 1.969-0.969 3.719-2.438 4.813 2.094 1.25 3.5 3.531 3.5 6.125 0 3.938-3.188 7.094-7.094 7.094-3.844 0-6.969-3-7.125-6.781h2.25c0.156 2.531 2.281 4.594 4.875 4.594 2.688 0 4.844-2.219 4.844-4.906s-2.156-4.875-4.844-4.875v-2.219c2.125 0 3.813-1.719 3.813-3.844s-1.688-3.844-3.813-3.844-3.813 1.656-3.844 3.75z\"\/>\r\n<\/svg>\n        \n        \n        \n            <\/div>\n    \n\n\n<\/div><div class=\"bde-div-69-131 bde-div\">\n  \n  \n\t\n\n\n\n\n<\/div>\n<\/div><div class=\"bde-div-69-132 bde-div\">\n  \n  \n\t\n\n\n\n<h3 class=\"bde-heading-69-133 bde-heading\">\nWsparcie dietetyczne\n<\/h3><div class=\"bde-text-69-135 bde-text\">\nProject Manager\n<\/div><div class=\"bde-text-69-136 bde-text\">\nW zale\u017cno\u015bci od twojego celu indywidualnie dopasuj\u0119 kaloryczno\u015b\u0107 oraz podzia\u0142 makrosk\u0142adnik\u00f3w. Pomog\u0119 Ci dobra\u0107 odpowiednie suplementy diety.\n<\/div>\n<\/div>\n<\/div><div class=\"bde-div-69-137 bde-div\">\n  \n  \n\t\n\n\n\n<div class=\"bde-div-69-138 bde-div\">\n  \n  \n\t\n\n\n\n<div class=\"bde-icon-69-139 bde-icon\">\n\n    \n            <div class=\"bde-icon-icon breakdance-icon-atom\" >\n    \n                    <svg xmlns=\"http:\/\/www.w3.org\/2000\/svg\" fill=\"#000000\" width=\"800px\" height=\"800px\" viewBox=\"-7 0 32 32\" version=\"1.1\">\r\n<title>four<\/title>\r\n<path d=\"M13.719 1.375v15.438h2.781v2.25h-2.781v6.531h-2.219v-6.531h-10.219zM5.594 16.813h5.906v-8.344z\"\/>\r\n<\/svg>\n        \n        \n        \n            <\/div>\n    \n\n\n<\/div><div class=\"bde-div-69-140 bde-div\">\n  \n  \n\t\n\n\n\n\n<\/div>\n<\/div><div class=\"bde-div-69-141 bde-div\">\n  \n  \n\t\n\n\n\n<h3 class=\"bde-heading-69-142 bde-heading\">\nRaporty \n<\/h3><div class=\"bde-text-69-144 bde-text\">\nFinancial Analyst\n<\/div><div class=\"bde-text-69-145 bde-text\">\nAnaliza post\u0119p\u00f3w na podstawie cotygodniowych dos\u0142anych przez Ciebie raport\u00f3w w postaci pomiar\u00f3w i zdj\u0119\u0107 sylwetki. Na ich bazie dokonuje zmian w planie lub diecie, je\u015bli b\u0119dzie to konieczne.\n<\/div>\n<\/div>\n<\/div><div class=\"bde-div-69-146 bde-div\">\n  \n  \n\t\n\n\n\n<div class=\"bde-div-69-147 bde-div\">\n  \n  \n\t\n\n\n\n<div class=\"bde-icon-69-148 bde-icon\">\n\n    \n            <div class=\"bde-icon-icon breakdance-icon-atom\" >\n    \n                    <svg xmlns=\"http:\/\/www.w3.org\/2000\/svg\" fill=\"#000000\" width=\"800px\" height=\"800px\" viewBox=\"-6.5 0 32 32\" version=\"1.1\">\r\n<title>five<\/title>\r\n<path d=\"M7.938 4.875l-1.125 6c0.625-0.188 1.313-0.281 2.031-0.281 4.281 0 7.75 3.5 7.75 7.781s-3.469 7.75-7.75 7.75c-3.656 0-6.406-2.5-7.25-5.938h2.281c0.781 2.219 2.531 3.813 5 3.813 3.094 0 5.594-2.5 5.594-5.594 0-3.063-2.5-5.625-5.594-5.625-0.813 0-1.656 0.188-2.531 0.438-0.938 0.25-1.594 0.438-2.438 0.844l2.188-11.438h9.906v2.25h-8.063z\"\/>\r\n<\/svg>\n        \n        \n        \n            <\/div>\n    \n\n\n<\/div><div class=\"bde-div-69-149 bde-div\">\n  \n  \n\t\n\n\n\n\n<\/div>\n<\/div><div class=\"bde-div-69-150 bde-div\">\n  \n  \n\t\n\n\n\n<h3 class=\"bde-heading-69-151 bde-heading\">\nKontakt\n<\/h3><div class=\"bde-text-69-153 bde-text\">\nRegistered Nurse\n<\/div><div class=\"bde-text-69-154 bde-text\">\nMo\u017cesz liczy\u0107 na sta\u0142y kontakt ze mn\u0105 poprzez e-mail lub instagram.\n<\/div>\n<\/div>\n<\/div>\n<\/div><\/div><\/div>\n<\/section><section id=\"kontakt\" class=\"bde-section-69-208 bde-section\">\n              \n  \n  \n\t\n\n  <div class=\"section-background-overlay\"><\/div>\n\n\n<div class=\"section-container\"><div class=\"bde-columns-69-209 bde-columns\"><div class=\"bde-column-69-210 bde-column\">\n  \n  \n\t\n\n\n\n<h2 class=\"bde-heading-69-211 bde-heading\">\nChcesz zacz\u0105\u0107 wsp\u00f3\u0142prac\u0119? Skontaktuj si\u0119 ze mn\u0105\n<\/h2><div class=\"bde-fancy-divider-69-212 bde-fancy-divider\">\n\n\n<div class=\"bde-fancy-divider__wrapper\">\n  <div class=\"bde-fancy-divider__separator has-content has-content-flex-start \">\n  \t    \t    \t    \t\t\t    \t\t<div class=\"bde-fancy-divider__content bde-fancy-divider__content--icon\"><svg xmlns=\"http:\/\/www.w3.org\/2000\/svg\" viewBox=\"0 0 512 512\"><!-- Font Awesome Free 5.15.1 by @fontawesome - https:\/\/fontawesome.com License - https:\/\/fontawesome.com\/license\/free (Icons: CC BY 4.0, Fonts: SIL OFL 1.1, Code: MIT License) --><path d=\"M256 8C119.033 8 8 119.033 8 256s111.033 248 248 248 248-111.033 248-248S392.967 8 256 8zm80 248c0 44.112-35.888 80-80 80s-80-35.888-80-80 35.888-80 80-80 80 35.888 80 80z\"\/><\/svg><\/div>\n    \t                  <\/div>\n<\/div>\n\n<\/div><div class=\"bde-rich-text-69-213 bde-rich-text breakdance-rich-text-styles\">\n<p>Wype\u0142nij formularz lub zadzwo\u0144 \u2013 odpowiem na wszystkie pytania i pomog\u0119 Ci zacz\u0105\u0107.<\/p>\n<\/div><div class=\"bde-rich-text-69-214 bde-rich-text breakdance-rich-text-styles\">\n<p><span style=\"font-weight: 400;\">*** Nie podejmuj\u0119 wsp\u00f3\u0142pracy:<\/span><\/p>\n<ul>\n<li style=\"font-weight: 400;\" aria-level=\"1\"><span style=\"font-weight: 400;\">Z kobietami w ci\u0105\u017cy\u00a0<\/span><\/li>\n<li style=\"font-weight: 400;\" aria-level=\"1\"><span style=\"font-weight: 400;\">Z osobami, kt\u00f3re nie mog\u0105 wykonywa\u0107 \u0107wicze\u0144 si\u0142owych<\/span><\/li>\n<li style=\"font-weight: 400;\" aria-level=\"1\"><span style=\"font-weight: 400;\">Z osobami z chorobami serca (niewydolno\u015b\u0107 serca, arytmia, przebyte zawa\u0142y serca)<\/span><\/li>\n<li style=\"font-weight: 400;\" aria-level=\"1\"><span style=\"font-weight: 400;\">Z osobami choruj\u0105cymi na padaczk\u0119<\/span><\/li>\n<\/ul>\n<\/div>\n<\/div><div class=\"bde-column-69-215 bde-column\">\n  \n  \n\t\n\n\n\n<div class=\"bde-form-builder-69-216 bde-form-builder\">\n\n<form id=\"contact-form216\" class=\"breakdance-form breakdance-form--vertical\" data-options=\"{&quot;slug&quot;:&quot;custom&quot;,&quot;name&quot;:&quot;Contact Form&quot;,&quot;ajaxUrl&quot;:&quot;https:\\\/\\\/dobrytrener.com\\\/wp-admin\\\/admin-ajax.php&quot;,&quot;clearOnSuccess&quot;:true,&quot;hideOnSuccess&quot;:false,&quot;successMessage&quot;:&quot;Twoja wiadomo\\u015b\\u0107 zosta\\u0142a wys\\u0142ana &quot;,&quot;errorMessage&quot;:&quot;Something went wrong&quot;,&quot;redirect&quot;:false,&quot;redirectUrl&quot;:&quot;&quot;,&quot;customJavaScript&quot;:&quot;&quot;,&quot;recaptcha&quot;:{&quot;key&quot;:&quot;&quot;,&quot;enabled&quot;:false},&quot;honeypot_enabled&quot;:false,&quot;popupsOnSuccess&quot;:[],&quot;popupsOnError&quot;:[]}\" data-steps=\"0\" >\n  \n  \n  \n<div class=\"breakdance-form-field breakdance-form-field--text\" >\n    \n    \n    \n    <input\n    class=\"breakdance-form-field__input\"\n    id=\"name\"\n    aria-describedby=\"name\"\n    type=\"text\"\n    name=\"fields[name]\"\n    placeholder=\"Twoj\u0119 imie\"\n    value=\"\"\n                \n        \n        \n    required\n    \n    \n    \n>\n\n\n    \n    \n<\/div>\n\n\n<div class=\"breakdance-form-field breakdance-form-field--email\" >\n    \n    \n    \n    <input\n    class=\"breakdance-form-field__input\"\n    id=\"email\"\n    aria-describedby=\"email\"\n    type=\"email\"\n    name=\"fields[email]\"\n    placeholder=\"E-mail\"\n    value=\"\"\n                \n        \n        \n    required\n    \n    \n    \n>\n\n\n    \n    \n<\/div>\n\n\n<div class=\"breakdance-form-field breakdance-form-field--tel\" >\n    \n    \n    \n    <input\n    class=\"breakdance-form-field__input\"\n    id=\"telefon\"\n    aria-describedby=\"telefon\"\n    type=\"tel\"\n    name=\"fields[telefon]\"\n    placeholder=\"Numer telefonu\"\n    value=\"\"\n                \n        \n        \n    required\n    \n    \n    \n>\n\n\n    \n    \n<\/div>\n\n\n<div class=\"breakdance-form-field breakdance-form-field--select\" >\n    \n    \n    \n    <select\n    class=\"breakdance-form-field__input\"\n    id=\"Temat \"\n    name=\"fields[Temat ]\"\n    \n    \n        >\n      <option value=\"\">Wybierz temat wiadomo\u015bci <\/option>\n          <option value=\"pakiet START\" >pakiet START<\/option>\n        <option value=\"pakiet TRANSFORMACJA\" >pakiet TRANSFORMACJA<\/option>\n        <option value=\"pakiet KOMPLEKSOWA PRZEMIANA\" >pakiet KOMPLEKSOWA PRZEMIANA<\/option>\n        <option value=\"pakiet FIT DUO\" >pakiet FIT DUO<\/option>\n        <option value=\"wsp\u00f3\u0142praca online\" >wsp\u00f3\u0142praca online<\/option>\n        <option value=\"plan treningowy\" >plan treningowy<\/option>\n  <\/select>\n\n\n    \n    \n<\/div>\n\n\n<div class=\"breakdance-form-field breakdance-form-field--textarea\" >\n    \n    \n    \n    <textarea\n    class=\"breakdance-form-field__input\"\n    id=\"wiadomo\u015b\u0107\"\n    aria-describedby=\"wiadomo\u015b\u0107\"\n    type=\"textarea\"\n    name=\"fields[wiadomo\u015b\u0107]\"\n        placeholder=\"Twoja wiadomo\u015b\u0107\"\n    \n    >\n<\/textarea>\n\n\n    \n    \n<\/div>\n\n\n  \n\n<div class=\"breakdance-form-field breakdance-form-footer\">\n    \n    \n                                    \n    \n    \n    \n    \n            \n            <button type=\"submit\" class=\"button-atom button-atom--primary breakdance-form-button breakdance-form-button__submit\"  >\n    \n        <span class=\"button-atom__text\">Wy\u015blij<\/span>\n\n        \n        \n            <\/button>\n    \n    <input type=\"hidden\" name=\"form_id\" value=\"216\">\n    <input type=\"hidden\" name=\"post_id\" value=\"69\">\n<\/div>\n\n  \n<\/form>\n\n\n<\/div>\n<\/div><\/div><\/div>\n<\/section>","protected":false},"excerpt":{"rendered":"<p>Oferta WSP\u00d3\u0141PRACA ONLINE Chcesz \u0107wiczy\u0107 pod moim okiem, ale nie mo\u017cesz trenowa\u0107 ze mn\u0105 we Wroc\u0142awiu?Wsp\u00f3\u0142praca online daje Ci dost\u0119p do indywidualnego planu, wsparcia dietetycznego i sta\u0142ej opieki \u2013 bez wzgl\u0119du na to, gdzie mieszkaszJak to dzia\u0142a?\u00a0Zobacz obok-> Koszt 350z\u0142\/msc one Konsultacja Software Engineer Rozmowa telefoniczna\/online, podczas kt\u00f3rej om\u00f3wi\u0119 z Tob\u0105 twoje cele, potrzeby, obecny [&hellip;]<\/p>\n","protected":false},"author":1,"featured_media":733,"parent":67,"menu_order":0,"comment_status":"closed","ping_status":"closed","template":"","meta":{"_acf_changed":false,"om_disable_all_campaigns":false,"_monsterinsights_skip_tracking":false,"_monsterinsights_sitenote_active":false,"_monsterinsights_sitenote_note":"","_monsterinsights_sitenote_category":0,"_breakdance_hide_in_design_set":false,"_breakdance_tags":"","footnotes":""},"class_list":["post-69","page","type-page","status-publish","has-post-thumbnail","hentry"],"acf":[],"aioseo_notices":[],"_links":{"self":[{"href":"https:\/\/dobrytrener.com\/en\/wp-json\/wp\/v2\/pages\/69","targetHints":{"allow":["GET"]}}],"collection":[{"href":"https:\/\/dobrytrener.com\/en\/wp-json\/wp\/v2\/pages"}],"about":[{"href":"https:\/\/dobrytrener.com\/en\/wp-json\/wp\/v2\/types\/page"}],"author":[{"embeddable":true,"href":"https:\/\/dobrytrener.com\/en\/wp-json\/wp\/v2\/users\/1"}],"replies":[{"embeddable":true,"href":"https:\/\/dobrytrener.com\/en\/wp-json\/wp\/v2\/comments?post=69"}],"version-history":[{"count":22,"href":"https:\/\/dobrytrener.com\/en\/wp-json\/wp\/v2\/pages\/69\/revisions"}],"predecessor-version":[{"id":1572,"href":"https:\/\/dobrytrener.com\/en\/wp-json\/wp\/v2\/pages\/69\/revisions\/1572"}],"up":[{"embeddable":true,"href":"https:\/\/dobrytrener.com\/en\/wp-json\/wp\/v2\/pages\/67"}],"wp:featuredmedia":[{"embeddable":true,"href":"https:\/\/dobrytrener.com\/en\/wp-json\/wp\/v2\/media\/733"}],"wp:attachment":[{"href":"https:\/\/dobrytrener.com\/en\/wp-json\/wp\/v2\/media?parent=69"}],"curies":[{"name":"wp","href":"https:\/\/api.w.org\/{rel}","templated":true}]}}