{"id":80,"date":"2024-07-21T14:31:01","date_gmt":"2024-07-21T14:31:01","guid":{"rendered":"https:\/\/dobrytrener.com\/?page_id=80"},"modified":"2025-12-31T11:26:52","modified_gmt":"2025-12-31T11:26:52","slug":"treningi-w-parze-wroclaw","status":"publish","type":"page","link":"https:\/\/dobrytrener.com\/en\/oferta\/treningi-w-parze-wroclaw\/","title":{"rendered":"Training in pairs Wroc\u0142aw \u2013 Effective Motivation and Joint Effects"},"content":{"rendered":"<section class=\"bde-section-80-125 bde-section\">\n              \n  \n  \n\t\n  <div class=\"breakdance-swiper-wrapper section-background-slideshow\">\n    <div class=\"swiper\">\n      <!-- Additional required wrapper -->\n      <div class=\"swiper-wrapper\">\n        <!-- Slides -->\n                  <div class=\"swiper-slide\">\n            <div class=\"swiper-slide-item\" style=\"background-image: url(https:\/\/dobrytrener.com\/wp-content\/uploads\/2024\/07\/unnamed-20.jpg);\"><\/div>\n          <\/div>\n                  <div class=\"swiper-slide\">\n            <div class=\"swiper-slide-item\" style=\"background-image: url(https:\/\/dobrytrener.com\/wp-content\/uploads\/2024\/07\/unnamed.jpg);\"><\/div>\n          <\/div>\n                  <div class=\"swiper-slide\">\n            <div class=\"swiper-slide-item\" style=\"background-image: url(https:\/\/dobrytrener.com\/wp-content\/uploads\/2024\/07\/unnamed-9-scaled.jpg);\"><\/div>\n          <\/div>\n              <\/div>\n    <\/div>\n  <\/div>\n\n  <div class=\"section-background-overlay\"><\/div>\n\n\n<div class=\"section-container\"><div class=\"bde-columns-80-126 bde-columns\"><div class=\"bde-column-80-127 bde-column\">\n  \n  \n\t\n\n\n\n<h1 class=\"bde-heading-80-128 bde-heading\">\nPakiet FIT DUO \u2013 trening personalny dla par we Wroc\u0142awiu\n<\/h1><div class=\"bde-rich-text-80-129 bde-rich-text breakdance-rich-text-styles\">\n<p><span style=\"font-weight: 400;\">Pakiet FIT DUO to idealna propozycja dla par lub przyjaci\u00f3\u0142. <\/span><\/p>\n<p><span style=\"font-weight: 400;\">4 lub 8 trening\u00f3w personalnych we Wroc\u0142awiu, podczas kt\u00f3rych wsp\u00f3lnie popracujecie nad sylwetk\u0105, kondycj\u0105 i zdrowiem.<\/span><\/p>\n<p><span style=\"font-weight: 400;\">\u0106wicz\u0105c razem zyskujecie dodatkow\u0105 motywacj\u0119 co pomaga w osi\u0105ganiu lepszych wynik\u00f3w.<\/span><\/p>\n<\/div><div class=\"bde-button-80-130 bde-button\">\n    \n                        \n                        \n    \n    \n    \n    \n            \n                    \n            \n            \n\n    \n    \n    \n    \n    \n    <a class=\"breakdance-link button-atom button-atom--custom bde-button__button\" href=\"#kontakt\" target=\"_self\" data-type=\"url\"  >\n\n    \n        <span class=\"button-atom__text\">Chcemy zacz\u0105\u0107 treningi<\/span>\n\n        \n        \n                <\/a>\n\n    \n\n\n<\/div>\n<\/div><div class=\"bde-column-80-131 bde-column\">\n  \n  \n\t\n\n\n\n<div class=\"bde-image-hover-card-80-132 bde-image-hover-card\">\n<figure class=\"ee-imagehover c4-izmir c4-border-bottom c4-image-rotate-left\">\n    <img decoding=\"async\" class=\"breakdance-image-object\" src=\"https:\/\/breakdance-layouts.duogeeks.com\/wp-content\/uploads\/2023\/02\/pexels-leon-ardho-1552245-scaled.jpg\" width=\"2560\" height=\"1700\" srcset=\"https:\/\/breakdance-layouts.duogeeks.com\/wp-content\/uploads\/2023\/02\/pexels-leon-ardho-1552245-scaled.jpg 2560w, https:\/\/breakdance-layouts.duogeeks.com\/wp-content\/uploads\/2023\/02\/pexels-leon-ardho-1552245-300x199.jpg 300w, https:\/\/breakdance-layouts.duogeeks.com\/wp-content\/uploads\/2023\/02\/pexels-leon-ardho-1552245-1024x680.jpg 1024w, https:\/\/breakdance-layouts.duogeeks.com\/wp-content\/uploads\/2023\/02\/pexels-leon-ardho-1552245-768x510.jpg 768w, https:\/\/breakdance-layouts.duogeeks.com\/wp-content\/uploads\/2023\/02\/pexels-leon-ardho-1552245-1536x1020.jpg 1536w, https:\/\/breakdance-layouts.duogeeks.com\/wp-content\/uploads\/2023\/02\/pexels-leon-ardho-1552245-2048x1360.jpg 2048w\" sizes=\"auto, (max-width: 2560px) 100vw, 2560px\" loading=\"lazy\">\n  <figcaption class=\"c4-layout-center-right\">\n                <div class=\"c4-reveal-right c4-delay-200\">\n              <h4 class=\"ee-imagehover-title\">Trening<\/h4>\n      <\/div>\n                <div class=\"c4-reveal-right c4-delay-400\">\n              <h4 class=\"ee-imagehover-title\">w parze<\/h4>\n      <\/div>\n      <\/figcaption>\n<\/figure>\n<\/div>\n<\/div><\/div><\/div>\n<\/section><section class=\"bde-section-80-105 bde-section\">\n  \n  \n\t\n\n\n\n<div class=\"section-container\"><div class=\"bde-columns-80-106 bde-columns\"><div class=\"bde-column-80-107 bde-column\">\n  \n  \n\t\n\n\n\n<div class=\"bde-rich-text-80-101 bde-rich-text breakdance-rich-text-styles\">\n<h3><span style=\"color: #000000;\">Pakiet oferuje:<\/span><\/h3>\n<ul>\n<li style=\"font-weight: 400;\" aria-level=\"1\">Konsultacj\u0119 wst\u0119pn\u0105 we Wroc\u0142awiu \u2013 analiza cel\u00f3w, stanu zdrowia i mo\u017cliwo\u015bci treningowych.<\/li>\n<li style=\"font-weight: 400;\" aria-level=\"1\">Indywidualne podej\u015bcie \u2013 plan treningowy dopasowany do obu uczestnik\u00f3w, uwzgl\u0119dniaj\u0105cy poziom zaawansowania i mobilno\u015b\u0107.<\/li>\n<li style=\"font-weight: 400;\" aria-level=\"1\">\u00a04 lub 8 trening\u00f3w personalnych dla par we Wroc\u0142awiu (po 60 minut ka\u017cdy), z \u0107wiczeniami dostosowanymi do wsp\u00f3lnej pracy.<\/li>\n<li style=\"font-weight: 400;\" aria-level=\"1\"><span style=\"font-weight: 400;\">Wsparcie dietetyczne \u2013 dopasowanie kaloryczno\u015bci i makrosk\u0142adnik\u00f3w pod indywidualny cel ka\u017cdego z uczestnik\u00f3w<\/span><\/li>\n<li style=\"font-weight: 400;\" aria-level=\"1\">Sta\u0142y kontakt, motywacj\u0119 i wsparcie mentalne trenera.<\/li>\n<li style=\"font-weight: 400;\" aria-level=\"1\">Pomoc w doborze suplement\u00f3w<\/li>\n<li style=\"font-weight: 400;\" aria-level=\"1\">Regularn\u0105 analiz\u0119 post\u0119p\u00f3w i modyfikacj\u0119 planu treningowego.<\/li>\n<\/ul>\n<\/div><div class=\"bde-button-80-110 bde-button\">\n    \n                        \n                        \n    \n    \n    \n    \n            \n                    \n            \n            \n\n    \n    \n    \n    \n    \n    <a class=\"breakdance-link button-atom button-atom--secondary bde-button__button\" href=\"#kontakt\" target=\"_self\" data-type=\"url\"  >\n\n    \n        <span class=\"button-atom__text\">Koszt 1200\/2000 z\u0142<\/span>\n\n                            \n        \n                <\/a>\n\n    \n\n\n<\/div>\n<\/div><div class=\"bde-column-80-111 bde-column\">\n  \n  \n\t\n\n\n\n<div class=\"bde-image-80-112 bde-image\">\n<figure class=\"breakdance-image breakdance-image--850\">\n\t<div class=\"breakdance-image-container\">\n\t\t<div class=\"breakdance-image-clip\"><img decoding=\"async\" class=\"breakdance-image-object\" src=\"https:\/\/dobrytrener.com\/wp-content\/uploads\/2025\/08\/IMG_2402-scaled.jpeg\" width=\"1920\" height=\"2560\" srcset=\"https:\/\/dobrytrener.com\/wp-content\/uploads\/2025\/08\/IMG_2402-scaled.jpeg 1920w, https:\/\/dobrytrener.com\/wp-content\/uploads\/2025\/08\/IMG_2402-225x300.jpeg 225w, https:\/\/dobrytrener.com\/wp-content\/uploads\/2025\/08\/IMG_2402-768x1024.jpeg 768w, https:\/\/dobrytrener.com\/wp-content\/uploads\/2025\/08\/IMG_2402-1152x1536.jpeg 1152w, https:\/\/dobrytrener.com\/wp-content\/uploads\/2025\/08\/IMG_2402-1536x2048.jpeg 1536w, https:\/\/dobrytrener.com\/wp-content\/uploads\/2025\/08\/IMG_2402-9x12.jpeg 9w\" sizes=\"auto, (max-width: 1920px) 100vw, 1920px\" loading=\"lazy\"><\/div>\n\t<\/div><\/figure>\n\n<\/div>\n<\/div><\/div><\/div>\n<\/section><section id=\"kontakt\" class=\"bde-section-80-113 bde-section\">\n              \n  \n  \n\t\n\n  <div class=\"section-background-overlay\"><\/div>\n\n\n<div class=\"section-container\"><div class=\"bde-columns-80-114 bde-columns\"><div class=\"bde-column-80-115 bde-column\">\n  \n  \n\t\n\n\n\n<h2 class=\"bde-heading-80-116 bde-heading\">\nWy\u015blij wiadomo\u015b\u0107 i zarezerwuj pakiet FIT DUO\n<\/h2><div class=\"bde-fancy-divider-80-117 bde-fancy-divider\">\n\n\n<div class=\"bde-fancy-divider__wrapper\">\n  <div class=\"bde-fancy-divider__separator has-content has-content-flex-start \">\n  \t    \t    \t    \t\t\t    \t\t<div class=\"bde-fancy-divider__content bde-fancy-divider__content--icon\"><svg xmlns=\"http:\/\/www.w3.org\/2000\/svg\" viewBox=\"0 0 512 512\"><!-- Font Awesome Free 5.15.1 by @fontawesome - https:\/\/fontawesome.com License - https:\/\/fontawesome.com\/license\/free (Icons: CC BY 4.0, Fonts: SIL OFL 1.1, Code: MIT License) --><path d=\"M256 8C119.033 8 8 119.033 8 256s111.033 248 248 248 248-111.033 248-248S392.967 8 256 8zm80 248c0 44.112-35.888 80-80 80s-80-35.888-80-80 35.888-80 80-80 80 35.888 80 80z\"\/><\/svg><\/div>\n    \t                  <\/div>\n<\/div>\n\n<\/div><div class=\"bde-rich-text-80-118 bde-rich-text breakdance-rich-text-styles\">\n<p>Chcesz rozpocz\u0105\u0107 treningi personalne we Wroc\u0142awiu razem z partnerem lub znajomym? Masz pytania o pakiet FIT DUO? Wype\u0142nij formularz lub zadzwo\u0144.<\/p>\n<\/div><div class=\"bde-rich-text-80-119 bde-rich-text breakdance-rich-text-styles\">\n<p><span style=\"font-weight: 400;\">*** Nie podejmuj\u0119 wsp\u00f3\u0142pracy:<\/span><\/p>\n<ul>\n<li style=\"font-weight: 400;\" aria-level=\"1\"><span style=\"font-weight: 400;\">Z kobietami w ci\u0105\u017cy\u00a0<\/span><\/li>\n<li style=\"font-weight: 400;\" aria-level=\"1\"><span style=\"font-weight: 400;\">Z osobami, kt\u00f3re nie mog\u0105 wykonywa\u0107 \u0107wicze\u0144 si\u0142owych<\/span><\/li>\n<li style=\"font-weight: 400;\" aria-level=\"1\"><span style=\"font-weight: 400;\">Z osobami z chorobami serca (niewydolno\u015b\u0107 serca, arytmia, przebyte zawa\u0142y serca)<\/span><\/li>\n<li style=\"font-weight: 400;\" aria-level=\"1\"><span style=\"font-weight: 400;\">Z osobami choruj\u0105cymi na padaczk\u0119<\/span><\/li>\n<\/ul>\n<\/div>\n<\/div><div class=\"bde-column-80-120 bde-column\">\n  \n  \n\t\n\n\n\n<div class=\"bde-form-builder-80-121 bde-form-builder\">\n\n<form id=\"contact-form121\" class=\"breakdance-form breakdance-form--vertical\" data-options=\"{&quot;slug&quot;:&quot;custom&quot;,&quot;name&quot;:&quot;Contact Form&quot;,&quot;ajaxUrl&quot;:&quot;https:\\\/\\\/dobrytrener.com\\\/wp-admin\\\/admin-ajax.php&quot;,&quot;clearOnSuccess&quot;:true,&quot;hideOnSuccess&quot;:false,&quot;successMessage&quot;:&quot;Twoja wiadomo\\u015b\\u0107 zosta\\u0142a wys\\u0142ana &quot;,&quot;errorMessage&quot;:&quot;Something went wrong&quot;,&quot;redirect&quot;:false,&quot;redirectUrl&quot;:&quot;&quot;,&quot;customJavaScript&quot;:&quot;&quot;,&quot;recaptcha&quot;:{&quot;key&quot;:&quot;&quot;,&quot;enabled&quot;:false},&quot;honeypot_enabled&quot;:false,&quot;popupsOnSuccess&quot;:[],&quot;popupsOnError&quot;:[]}\" data-steps=\"0\" >\n  \n  \n  \n<div class=\"breakdance-form-field breakdance-form-field--text\" >\n    \n    \n    \n    <input\n    class=\"breakdance-form-field__input\"\n    id=\"name\"\n    aria-describedby=\"name\"\n    type=\"text\"\n    name=\"fields[name]\"\n    placeholder=\"Twoj\u0119 imie\"\n    value=\"\"\n                \n        \n        \n    required\n    \n    \n    \n>\n\n\n    \n    \n<\/div>\n\n\n<div class=\"breakdance-form-field breakdance-form-field--email\" >\n    \n    \n    \n    <input\n    class=\"breakdance-form-field__input\"\n    id=\"email\"\n    aria-describedby=\"email\"\n    type=\"email\"\n    name=\"fields[email]\"\n    placeholder=\"E-mail\"\n    value=\"\"\n                \n        \n        \n    required\n    \n    \n    \n>\n\n\n    \n    \n<\/div>\n\n\n<div class=\"breakdance-form-field breakdance-form-field--tel\" >\n    \n    \n    \n    <input\n    class=\"breakdance-form-field__input\"\n    id=\"telefon\"\n    aria-describedby=\"telefon\"\n    type=\"tel\"\n    name=\"fields[telefon]\"\n    placeholder=\"Numer telefonu\"\n    value=\"\"\n                \n        \n        \n    required\n    \n    \n    \n>\n\n\n    \n    \n<\/div>\n\n\n<div class=\"breakdance-form-field breakdance-form-field--select\" >\n    \n    \n    \n    <select\n    class=\"breakdance-form-field__input\"\n    id=\"Temat \"\n    name=\"fields[Temat ]\"\n    \n    \n        >\n      <option value=\"\">Wybierz temat wiadomo\u015bci <\/option>\n          <option value=\"pakiet START\" >pakiet START<\/option>\n        <option value=\"pakiet TRANSFORMACJA\" >pakiet TRANSFORMACJA<\/option>\n        <option value=\"pakiet KOMPLEKSOWA PRZEMIANA\" >pakiet KOMPLEKSOWA PRZEMIANA<\/option>\n        <option value=\"pakiet FIT DUO\" >pakiet FIT DUO<\/option>\n        <option value=\"wsp\u00f3\u0142praca online\" >wsp\u00f3\u0142praca online<\/option>\n        <option value=\"plan treningowy\" >plan treningowy<\/option>\n  <\/select>\n\n\n    \n    \n<\/div>\n\n\n<div class=\"breakdance-form-field breakdance-form-field--textarea\" >\n    \n    \n    \n    <textarea\n    class=\"breakdance-form-field__input\"\n    id=\"wiadomo\u015b\u0107\"\n    aria-describedby=\"wiadomo\u015b\u0107\"\n    type=\"textarea\"\n    name=\"fields[wiadomo\u015b\u0107]\"\n        placeholder=\"Twoja wiadomo\u015b\u0107\"\n    \n    >\n<\/textarea>\n\n\n    \n    \n<\/div>\n\n\n  \n\n<div class=\"breakdance-form-field breakdance-form-footer\">\n    \n    \n                                    \n    \n    \n    \n    \n            \n            <button type=\"submit\" class=\"button-atom button-atom--primary breakdance-form-button breakdance-form-button__submit\"  >\n    \n        <span class=\"button-atom__text\">Wy\u015blij<\/span>\n\n        \n        \n            <\/button>\n    \n    <input type=\"hidden\" name=\"form_id\" value=\"121\">\n    <input type=\"hidden\" name=\"post_id\" value=\"80\">\n<\/div>\n\n  \n<\/form>\n\n\n<\/div>\n<\/div><\/div><\/div>\n<\/section><section class=\"bde-section-80-122 bde-section\">\n  \n  \n\t\n\n\n\n<div class=\"section-container\"><h2 class=\"bde-heading-80-123 bde-heading\">\nNajcz\u0119\u015bciej zadawane pytania\n<\/h2><div class=\"bde-frequently-asked-questions-80-124 bde-frequently-asked-questions\">\n      <div class=\"bde-faq__item\">\n      <h3 class=\"bde-faq__title-tag\">\n       <button id=\"bde-faq-124-button-1\" aria-expanded=\"false\" aria-controls=\"bde-faq-124-1\" class=\"bde-faq__question js-faq-item\">\n          <span class=\"bde-faq__title\">Ile trwa trening?<\/span>\n                           <div aria-hidden=\"true\" class=\"bde-faq__icon bde-faq__icon--inactive\">\n                                <svg xmlns=\"http:\/\/www.w3.org\/2000\/svg\" width=\"24\" height=\"24\" fill-rule=\"evenodd\" clip-rule=\"evenodd\"><path d=\"M12 0c6.623 0 12 5.377 12 12s-5.377 12-12 12-12-5.377-12-12 5.377-12 12-12zm0 1c6.071 0 11 4.929 11 11s-4.929 11-11 11-11-4.929-11-11 4.929-11 11-11zm5.247 8l-5.247 6.44-5.263-6.44-.737.678 6 7.322 6-7.335-.753-.665z\"\/><\/svg>\n                            <\/div>\n         \t  <div aria-hidden=\"true\" class=\"bde-faq__icon bde-faq__icon--active\">\n                                <svg xmlns=\"http:\/\/www.w3.org\/2000\/svg\" width=\"24\" height=\"24\" fill-rule=\"evenodd\" clip-rule=\"evenodd\"><path d=\"M12 0c6.623 0 12 5.377 12 12s-5.377 12-12 12-12-5.377-12-12 5.377-12 12-12zm0 1c6.071 0 11 4.929 11 11s-4.929 11-11 11-11-4.929-11-11 4.929-11 11-11zm5.247 15l-5.247-6.44-5.263 6.44-.737-.678 6-7.322 6 7.335-.753.665z\"\/><\/svg>\n                            <\/div>\n                  <\/button>\n      <\/h3>\n      <div role=\"region\" aria-labelledby=\"bde-faq-124-button-1\" id=\"bde-faq-124-1\" class=\"bde-faq__answer\">\n        <div class=\"bde-faq__answer-content\">\n            <div class=\"breakdance-rich-text-styles\"><p><span style=\"font-weight: 400;\">Trening trwa 60 minut<\/span><\/p><\/div>\n\n                    <\/div>\n      <\/div>\n    <\/div>\n      <div class=\"bde-faq__item\">\n      <h3 class=\"bde-faq__title-tag\">\n       <button id=\"bde-faq-124-button-2\" aria-expanded=\"false\" aria-controls=\"bde-faq-124-2\" class=\"bde-faq__question js-faq-item\">\n          <span class=\"bde-faq__title\">W jakim czasie nale\u017cy wykorzysta\u0107 zakupiony pakiet trening\u00f3w?<\/span>\n                           <div aria-hidden=\"true\" class=\"bde-faq__icon bde-faq__icon--inactive\">\n                                <svg xmlns=\"http:\/\/www.w3.org\/2000\/svg\" width=\"24\" height=\"24\" fill-rule=\"evenodd\" clip-rule=\"evenodd\"><path d=\"M12 0c6.623 0 12 5.377 12 12s-5.377 12-12 12-12-5.377-12-12 5.377-12 12-12zm0 1c6.071 0 11 4.929 11 11s-4.929 11-11 11-11-4.929-11-11 4.929-11 11-11zm5.247 8l-5.247 6.44-5.263-6.44-.737.678 6 7.322 6-7.335-.753-.665z\"\/><\/svg>\n                            <\/div>\n         \t  <div aria-hidden=\"true\" class=\"bde-faq__icon bde-faq__icon--active\">\n                                <svg xmlns=\"http:\/\/www.w3.org\/2000\/svg\" width=\"24\" height=\"24\" fill-rule=\"evenodd\" clip-rule=\"evenodd\"><path d=\"M12 0c6.623 0 12 5.377 12 12s-5.377 12-12 12-12-5.377-12-12 5.377-12 12-12zm0 1c6.071 0 11 4.929 11 11s-4.929 11-11 11-11-4.929-11-11 4.929-11 11-11zm5.247 15l-5.247-6.44-5.263 6.44-.737-.678 6-7.322 6 7.335-.753.665z\"\/><\/svg>\n                            <\/div>\n                  <\/button>\n      <\/h3>\n      <div role=\"region\" aria-labelledby=\"bde-faq-124-button-2\" id=\"bde-faq-124-2\" class=\"bde-faq__answer\">\n        <div class=\"bde-faq__answer-content\">\n            <div class=\"breakdance-rich-text-styles\"><p><span style=\"font-weight: 400;\">Pakiet START, PROGRES, TRANSFORMACJA nale\u017cy wykorzysta\u0107 w ci\u0105gu 1 miesi\u0105ca.<\/span><\/p>\n<p><span style=\"font-weight: 400;\">Pakiet KOMPLEKSOWA PRZEMIANA trzeba wykorzysta\u0107 w ci\u0105gu 2 miesi\u0119cy przy 3 treningach w tygodniu lub w ci\u0105gu 1 miesi\u0105ca przy 4 treningach w tygodniu.<\/span><\/p>\n<p><span style=\"font-weight: 400;\">Niewykorzystane treningi przepadaj\u0105, nie ma mo\u017cliwo\u015bci zwrotu pieni\u0119dzy.<\/span><\/p><\/div>\n\n                    <\/div>\n      <\/div>\n    <\/div>\n      <div class=\"bde-faq__item\">\n      <h3 class=\"bde-faq__title-tag\">\n       <button id=\"bde-faq-124-button-3\" aria-expanded=\"false\" aria-controls=\"bde-faq-124-3\" class=\"bde-faq__question js-faq-item\">\n          <span class=\"bde-faq__title\">Czy trening mo\u017cna odwo\u0142ywa\u0107\/przek\u0142ada\u0107?<\/span>\n                           <div aria-hidden=\"true\" class=\"bde-faq__icon bde-faq__icon--inactive\">\n                                <svg xmlns=\"http:\/\/www.w3.org\/2000\/svg\" width=\"24\" height=\"24\" fill-rule=\"evenodd\" clip-rule=\"evenodd\"><path d=\"M12 0c6.623 0 12 5.377 12 12s-5.377 12-12 12-12-5.377-12-12 5.377-12 12-12zm0 1c6.071 0 11 4.929 11 11s-4.929 11-11 11-11-4.929-11-11 4.929-11 11-11zm5.247 8l-5.247 6.44-5.263-6.44-.737.678 6 7.322 6-7.335-.753-.665z\"\/><\/svg>\n                            <\/div>\n         \t  <div aria-hidden=\"true\" class=\"bde-faq__icon bde-faq__icon--active\">\n                                <svg xmlns=\"http:\/\/www.w3.org\/2000\/svg\" width=\"24\" height=\"24\" fill-rule=\"evenodd\" clip-rule=\"evenodd\"><path d=\"M12 0c6.623 0 12 5.377 12 12s-5.377 12-12 12-12-5.377-12-12 5.377-12 12-12zm0 1c6.071 0 11 4.929 11 11s-4.929 11-11 11-11-4.929-11-11 4.929-11 11-11zm5.247 15l-5.247-6.44-5.263 6.44-.737-.678 6-7.322 6 7.335-.753.665z\"\/><\/svg>\n                            <\/div>\n                  <\/button>\n      <\/h3>\n      <div role=\"region\" aria-labelledby=\"bde-faq-124-button-3\" id=\"bde-faq-124-3\" class=\"bde-faq__answer\">\n        <div class=\"bde-faq__answer-content\">\n            <div class=\"breakdance-rich-text-styles\"><p><span style=\"font-weight: 400;\">Tylko trening odwo\u0142any minimalnie 24h przed ustalon\u0105 data mo\u017cna odwo\u0142a\u0107 lub prze\u0142o\u017cy\u0107. W innym przypadku, trening niestety przepada.<\/span><\/p><\/div>\n\n                    <\/div>\n      <\/div>\n    <\/div>\n      <div class=\"bde-faq__item\">\n      <h3 class=\"bde-faq__title-tag\">\n       <button id=\"bde-faq-124-button-4\" aria-expanded=\"false\" aria-controls=\"bde-faq-124-4\" class=\"bde-faq__question js-faq-item\">\n          <span class=\"bde-faq__title\">Czy potrzebny jest dodatkowo karnet na si\u0142owni\u0119?<\/span>\n                           <div aria-hidden=\"true\" class=\"bde-faq__icon bde-faq__icon--inactive\">\n                                <svg xmlns=\"http:\/\/www.w3.org\/2000\/svg\" width=\"24\" height=\"24\" fill-rule=\"evenodd\" clip-rule=\"evenodd\"><path d=\"M12 0c6.623 0 12 5.377 12 12s-5.377 12-12 12-12-5.377-12-12 5.377-12 12-12zm0 1c6.071 0 11 4.929 11 11s-4.929 11-11 11-11-4.929-11-11 4.929-11 11-11zm5.247 8l-5.247 6.44-5.263-6.44-.737.678 6 7.322 6-7.335-.753-.665z\"\/><\/svg>\n                            <\/div>\n         \t  <div aria-hidden=\"true\" class=\"bde-faq__icon bde-faq__icon--active\">\n                                <svg xmlns=\"http:\/\/www.w3.org\/2000\/svg\" width=\"24\" height=\"24\" fill-rule=\"evenodd\" clip-rule=\"evenodd\"><path d=\"M12 0c6.623 0 12 5.377 12 12s-5.377 12-12 12-12-5.377-12-12 5.377-12 12-12zm0 1c6.071 0 11 4.929 11 11s-4.929 11-11 11-11-4.929-11-11 4.929-11 11-11zm5.247 15l-5.247-6.44-5.263 6.44-.737-.678 6-7.322 6 7.335-.753.665z\"\/><\/svg>\n                            <\/div>\n                  <\/button>\n      <\/h3>\n      <div role=\"region\" aria-labelledby=\"bde-faq-124-button-4\" id=\"bde-faq-124-4\" class=\"bde-faq__answer\">\n        <div class=\"bde-faq__answer-content\">\n            <div class=\"breakdance-rich-text-styles\"><p><span style=\"font-weight: 400;\">Osoby posiadaj\u0105ce kart\u0119 Multisport\/My Life\/Be Active nie s\u0105 zobowi\u0105zane do zakupu karnetu na si\u0142owni\u0119. W innym przypadku trzeba wykupi\u0107 karnet na si\u0142owni\u0119.<\/span><\/p><\/div>\n\n                    <\/div>\n      <\/div>\n    <\/div>\n      <div class=\"bde-faq__item\">\n      <h3 class=\"bde-faq__title-tag\">\n       <button id=\"bde-faq-124-button-5\" aria-expanded=\"false\" aria-controls=\"bde-faq-124-5\" class=\"bde-faq__question js-faq-item\">\n          <span class=\"bde-faq__title\">Czy treningi personalne odbywaj\u0105 si\u0119 tylko w jednej lokalizacji?<\/span>\n                           <div aria-hidden=\"true\" class=\"bde-faq__icon bde-faq__icon--inactive\">\n                                <svg xmlns=\"http:\/\/www.w3.org\/2000\/svg\" width=\"24\" height=\"24\" fill-rule=\"evenodd\" clip-rule=\"evenodd\"><path d=\"M12 0c6.623 0 12 5.377 12 12s-5.377 12-12 12-12-5.377-12-12 5.377-12 12-12zm0 1c6.071 0 11 4.929 11 11s-4.929 11-11 11-11-4.929-11-11 4.929-11 11-11zm5.247 8l-5.247 6.44-5.263-6.44-.737.678 6 7.322 6-7.335-.753-.665z\"\/><\/svg>\n                            <\/div>\n         \t  <div aria-hidden=\"true\" class=\"bde-faq__icon bde-faq__icon--active\">\n                                <svg xmlns=\"http:\/\/www.w3.org\/2000\/svg\" width=\"24\" height=\"24\" fill-rule=\"evenodd\" clip-rule=\"evenodd\"><path d=\"M12 0c6.623 0 12 5.377 12 12s-5.377 12-12 12-12-5.377-12-12 5.377-12 12-12zm0 1c6.071 0 11 4.929 11 11s-4.929 11-11 11-11-4.929-11-11 4.929-11 11-11zm5.247 15l-5.247-6.44-5.263 6.44-.737-.678 6-7.322 6 7.335-.753.665z\"\/><\/svg>\n                            <\/div>\n                  <\/button>\n      <\/h3>\n      <div role=\"region\" aria-labelledby=\"bde-faq-124-button-5\" id=\"bde-faq-124-5\" class=\"bde-faq__answer\">\n        <div class=\"bde-faq__answer-content\">\n            <div class=\"breakdance-rich-text-styles\"><p><span style=\"font-weight: 400;\">Najcz\u0119\u015bciej treningi s\u0105 prowadzone w Fitness Academy Stare Miasto w galerii Dominika\u0144skiej. Natomiast po wcze\u015bniejszym ustaleniu jest mo\u017cliwo\u015b\u0107 um\u00f3wienia treningu w innych lokalizacjach klub\u00f3w Fitness Academy w centrum miasta. <\/span><\/p><\/div>\n\n                    <\/div>\n      <\/div>\n    <\/div>\n  \n<\/div><\/div>\n<\/section>","protected":false},"excerpt":{"rendered":"<p>Pakiet FIT DUO \u2013 trening personalny dla par we Wroc\u0142awiu Pakiet FIT DUO to idealna propozycja dla par lub przyjaci\u00f3\u0142. 4 lub 8 trening\u00f3w personalnych we Wroc\u0142awiu, podczas kt\u00f3rych wsp\u00f3lnie popracujecie nad sylwetk\u0105, kondycj\u0105 i zdrowiem. \u0106wicz\u0105c razem zyskujecie dodatkow\u0105 motywacj\u0119 co pomaga w osi\u0105ganiu lepszych wynik\u00f3w. Chcemy zacz\u0105\u0107 treningi Trening w parze Pakiet oferuje: [&hellip;]<\/p>\n","protected":false},"author":1,"featured_media":733,"parent":67,"menu_order":0,"comment_status":"closed","ping_status":"closed","template":"","meta":{"_acf_changed":false,"om_disable_all_campaigns":false,"_monsterinsights_skip_tracking":false,"_monsterinsights_sitenote_active":false,"_monsterinsights_sitenote_note":"","_monsterinsights_sitenote_category":0,"_breakdance_hide_in_design_set":false,"_breakdance_tags":"","footnotes":""},"class_list":["post-80","page","type-page","status-publish","has-post-thumbnail","hentry"],"acf":[],"aioseo_notices":[],"_links":{"self":[{"href":"https:\/\/dobrytrener.com\/en\/wp-json\/wp\/v2\/pages\/80","targetHints":{"allow":["GET"]}}],"collection":[{"href":"https:\/\/dobrytrener.com\/en\/wp-json\/wp\/v2\/pages"}],"about":[{"href":"https:\/\/dobrytrener.com\/en\/wp-json\/wp\/v2\/types\/page"}],"author":[{"embeddable":true,"href":"https:\/\/dobrytrener.com\/en\/wp-json\/wp\/v2\/users\/1"}],"replies":[{"embeddable":true,"href":"https:\/\/dobrytrener.com\/en\/wp-json\/wp\/v2\/comments?post=80"}],"version-history":[{"count":31,"href":"https:\/\/dobrytrener.com\/en\/wp-json\/wp\/v2\/pages\/80\/revisions"}],"predecessor-version":[{"id":1452,"href":"https:\/\/dobrytrener.com\/en\/wp-json\/wp\/v2\/pages\/80\/revisions\/1452"}],"up":[{"embeddable":true,"href":"https:\/\/dobrytrener.com\/en\/wp-json\/wp\/v2\/pages\/67"}],"wp:featuredmedia":[{"embeddable":true,"href":"https:\/\/dobrytrener.com\/en\/wp-json\/wp\/v2\/media\/733"}],"wp:attachment":[{"href":"https:\/\/dobrytrener.com\/en\/wp-json\/wp\/v2\/media?parent=80"}],"curies":[{"name":"wp","href":"https:\/\/api.w.org\/{rel}","templated":true}]}}